{"id":2040,"date":"2022-09-23T22:58:09","date_gmt":"2022-09-23T22:58:09","guid":{"rendered":"https:\/\/sylfaadytrading.com\/?post_type=product&#038;p=2040"},"modified":"2023-01-16T22:16:12","modified_gmt":"2023-01-16T22:16:12","slug":"lithium-ion-spray-gun-container-capacity800ml","status":"publish","type":"product","link":"https:\/\/sylfaadytrading.com\/fr\/produit\/lithium-ion-spray-gun-container-capacity800ml\/","title":{"rendered":"Pistolet pulv\u00e9risateur Lithium-Ion - Capacit\u00e9 du r\u00e9servoir\u00a0: 800\u00a0ml"},"content":{"rendered":"<p>Tension\u00a0: pulv\u00e9risation 20\u00a0V<\/p>\n<p>Pression\u00a0: 0,1-0,2\u00a0bar<\/p>\n<p>D\u00e9bit max.\u00a0: 600\u00a0ml\/min<\/p>\n<p>Viscosit\u00e9 Max.:40DIN-s<\/p>\n<p>Capacit\u00e9 du r\u00e9cipient\u00a0: 800\u00a0ml<\/p>\n<p>Avec tasse \u00e0 mesurer de viscosit\u00e9 1PCS<\/p>\n<p>Avec aiguille de nettoyage de buse 1PCS<\/p>\n<p>AUCUNE batterie et chargeur inclus<\/p>\n<p>Emball\u00e9 par bo\u00eete de couleur<\/p>","protected":false},"excerpt":{"rendered":"<p>Tension\u00a0: pulv\u00e9risation 20\u00a0V<\/p>\n<p>Pression\u00a0: 0,1-0,2\u00a0bar<\/p>\n<p>D\u00e9bit max.\u00a0: 600\u00a0ml\/min<\/p>\n<p>Viscosit\u00e9 Max.:40DIN-s<\/p>","protected":false},"featured_media":2041,"comment_status":"open","ping_status":"closed","template":"","meta":{"rs_blank_template":"","rs_page_bg_color":"","slide_template_v7":"","_monsterinsights_skip_tracking":false,"_monsterinsights_sitenote_active":false,"_monsterinsights_sitenote_note":"","_monsterinsights_sitenote_category":0},"product_brand":[],"product_cat":[18,19,20,29],"product_tag":[],"our-brands":[36],"class_list":{"0":"post-2040","1":"product","2":"type-product","3":"status-publish","4":"has-post-thumbnail","6":"product_cat-cordless-tools","7":"product_cat-hand-tools","8":"product_cat-power-tools","9":"product_cat-welding-equipment-and-accessories","10":"our-brands-ingco-tools","12":"first","13":"instock","14":"shipping-taxable","15":"purchasable","16":"product-type-simple"},"yoast_head":"<!-- This site is optimized with the Yoast SEO Premium plugin v27.2 (Yoast SEO v27.2) - https:\/\/yoast.com\/product\/yoast-seo-premium-wordpress\/ -->\n<title>Lithium-Ion spray gun - Container capacity:800ml | Fadcon Equipment and Car Accessories Limited - Supply and distribution of high quality and affordable tools &amp; Accessories<\/title>\n<meta name=\"description\" content=\"Voltage:20V Spraying  Pressure:0.1-0.2 Bar  Max.flow:600ml\/min  Max.viscosity:40DIN-s\" \/>\n<meta name=\"robots\" content=\"index, follow, max-snippet:-1, max-image-preview:large, max-video-preview:-1\" \/>\n<link rel=\"canonical\" href=\"https:\/\/sylfaadytrading.com\/fr\/produit\/lithium-ion-spray-gun-container-capacity800ml\/\" \/>\n<meta property=\"og:locale\" content=\"fr_FR\" \/>\n<meta property=\"og:type\" content=\"article\" \/>\n<meta property=\"og:title\" content=\"Lithium-Ion spray gun - Container capacity:800ml | Fadcon Equipment and Car Accessories Limited - Supply and distribution of high quality and affordable tools &amp; Accessories\" \/>\n<meta property=\"og:description\" content=\"Voltage:20V Spraying  Pressure:0.1-0.2 Bar  Max.flow:600ml\/min  Max.viscosity:40DIN-s\" \/>\n<meta property=\"og:url\" content=\"https:\/\/sylfaadytrading.com\/fr\/produit\/lithium-ion-spray-gun-container-capacity800ml\/\" \/>\n<meta property=\"og:site_name\" content=\"Fadcon Equipment and Car Accessories Limited - Supply and distribution of high quality and affordable tools &amp; Accessories\" \/>\n<meta property=\"article:publisher\" content=\"https:\/\/web.facebook.com\/fadconequipment\" \/>\n<meta property=\"article:modified_time\" content=\"2023-01-16T22:16:12+00:00\" \/>\n<meta property=\"og:image\" content=\"https:\/\/sylfaadytrading.com\/wp-content\/uploads\/2022\/09\/Lithium-Ion-spray-gun-Product-Image-FADCON-EQUIPMENT-CAR-ACCESSORIES-LTD-min.jpg\" \/>\n\t<meta property=\"og:image:width\" content=\"819\" \/>\n\t<meta property=\"og:image:height\" content=\"841\" \/>\n\t<meta property=\"og:image:type\" content=\"image\/jpeg\" \/>\n<meta name=\"twitter:card\" content=\"summary_large_image\" \/>\n<meta name=\"twitter:site\" content=\"@fadconequipment\" \/>\n<script type=\"application\/ld+json\" class=\"yoast-schema-graph\">{\"@context\":\"https:\/\/schema.org\",\"@graph\":[{\"@type\":\"WebPage\",\"@id\":\"https:\/\/sylfaadytrading.com\/product\/lithium-ion-spray-gun-container-capacity800ml\/\",\"url\":\"https:\/\/sylfaadytrading.com\/product\/lithium-ion-spray-gun-container-capacity800ml\/\",\"name\":\"Lithium-Ion spray gun - Container capacity:800ml | Fadcon Equipment and Car Accessories Limited - Supply and distribution of high quality and affordable tools &amp; Accessories\",\"isPartOf\":{\"@id\":\"https:\/\/sylfaadytrading.com\/#website\"},\"primaryImageOfPage\":{\"@id\":\"https:\/\/sylfaadytrading.com\/product\/lithium-ion-spray-gun-container-capacity800ml\/#primaryimage\"},\"image\":{\"@id\":\"https:\/\/sylfaadytrading.com\/product\/lithium-ion-spray-gun-container-capacity800ml\/#primaryimage\"},\"thumbnailUrl\":\"https:\/\/sylfaadytrading.com\/wp-content\/uploads\/2022\/09\/Lithium-Ion-spray-gun-Product-Image-FADCON-EQUIPMENT-CAR-ACCESSORIES-LTD-min.jpg\",\"datePublished\":\"2022-09-23T22:58:09+00:00\",\"dateModified\":\"2023-01-16T22:16:12+00:00\",\"description\":\"Voltage:20V Spraying Pressure:0.1-0.2 Bar Max.flow:600ml\/min Max.viscosity:40DIN-s\",\"breadcrumb\":{\"@id\":\"https:\/\/sylfaadytrading.com\/product\/lithium-ion-spray-gun-container-capacity800ml\/#breadcrumb\"},\"inLanguage\":\"fr-FR\",\"potentialAction\":[{\"@type\":\"ReadAction\",\"target\":[\"https:\/\/sylfaadytrading.com\/product\/lithium-ion-spray-gun-container-capacity800ml\/\"]}]},{\"@type\":\"ImageObject\",\"inLanguage\":\"fr-FR\",\"@id\":\"https:\/\/sylfaadytrading.com\/product\/lithium-ion-spray-gun-container-capacity800ml\/#primaryimage\",\"url\":\"https:\/\/sylfaadytrading.com\/wp-content\/uploads\/2022\/09\/Lithium-Ion-spray-gun-Product-Image-FADCON-EQUIPMENT-CAR-ACCESSORIES-LTD-min.jpg\",\"contentUrl\":\"https:\/\/sylfaadytrading.com\/wp-content\/uploads\/2022\/09\/Lithium-Ion-spray-gun-Product-Image-FADCON-EQUIPMENT-CAR-ACCESSORIES-LTD-min.jpg\",\"width\":819,\"height\":841},{\"@type\":\"BreadcrumbList\",\"@id\":\"https:\/\/sylfaadytrading.com\/product\/lithium-ion-spray-gun-container-capacity800ml\/#breadcrumb\",\"itemListElement\":[{\"@type\":\"ListItem\",\"position\":1,\"name\":\"Home\",\"item\":\"https:\/\/sylfaadytrading.com\/\"},{\"@type\":\"ListItem\",\"position\":2,\"name\":\"Shop\",\"item\":\"https:\/\/sylfaadytrading.com\/shop\/\"},{\"@type\":\"ListItem\",\"position\":3,\"name\":\"Lithium-Ion spray gun &#8211; Container capacity:800ml\"}]},{\"@type\":\"WebSite\",\"@id\":\"https:\/\/sylfaadytrading.com\/#website\",\"url\":\"https:\/\/sylfaadytrading.com\/\",\"name\":\"Fadcon Equipment and Car Accessories\",\"description\":\"We are also a major accredited distributor of INGCO Brand power tools and equipment, Bosch &amp; Total Tools\",\"publisher\":{\"@id\":\"https:\/\/sylfaadytrading.com\/#organization\"},\"alternateName\":\"Fadcon Equipment and Car Accessories Limited - Supply and distribution of high quality and affordable tools & Accessories\",\"potentialAction\":[{\"@type\":\"SearchAction\",\"target\":{\"@type\":\"EntryPoint\",\"urlTemplate\":\"https:\/\/sylfaadytrading.com\/?s={search_term_string}\"},\"query-input\":{\"@type\":\"PropertyValueSpecification\",\"valueRequired\":true,\"valueName\":\"search_term_string\"}}],\"inLanguage\":\"fr-FR\"},{\"@type\":\"Organization\",\"@id\":\"https:\/\/sylfaadytrading.com\/#organization\",\"name\":\"Fadcon Equipment and Car Accessories\",\"alternateName\":\"Fadcon Equipment and Car Accessories Limited - Supply and distribution of high quality and affordable tools & Accessories\",\"url\":\"https:\/\/sylfaadytrading.com\/\",\"logo\":{\"@type\":\"ImageObject\",\"inLanguage\":\"fr-FR\",\"@id\":\"https:\/\/sylfaadytrading.com\/#\/schema\/logo\/image\/\",\"url\":\"https:\/\/sylfaadytrading.com\/wp-content\/uploads\/2022\/09\/Logo-WEB-FADCON-EQUIPMENT-CAR-ACCESSORIES-LTD-min.png\",\"contentUrl\":\"https:\/\/sylfaadytrading.com\/wp-content\/uploads\/2022\/09\/Logo-WEB-FADCON-EQUIPMENT-CAR-ACCESSORIES-LTD-min.png\",\"width\":523,\"height\":292,\"caption\":\"Fadcon Equipment and Car Accessories\"},\"image\":{\"@id\":\"https:\/\/sylfaadytrading.com\/#\/schema\/logo\/image\/\"},\"sameAs\":[\"https:\/\/web.facebook.com\/fadconequipment\",\"https:\/\/x.com\/fadconequipment\",\"https:\/\/www.instagram.com\/fadconequipment\/\",\"https:\/\/linkedin.com\/fadconequipment\/\"]}]}<\/script>\n<!-- \/ Yoast SEO Premium plugin. -->","yoast_head_json":{"title":"Lithium-Ion spray gun - Container capacity:800ml | Fadcon Equipment and Car Accessories Limited - Supply and distribution of high quality and affordable tools &amp; Accessories","description":"Voltage:20V Spraying  Pressure:0.1-0.2 Bar  Max.flow:600ml\/min  Max.viscosity:40DIN-s","robots":{"index":"index","follow":"follow","max-snippet":"max-snippet:-1","max-image-preview":"max-image-preview:large","max-video-preview":"max-video-preview:-1"},"canonical":"https:\/\/sylfaadytrading.com\/fr\/produit\/lithium-ion-spray-gun-container-capacity800ml\/","og_locale":"fr_FR","og_type":"article","og_title":"Lithium-Ion spray gun - Container capacity:800ml | Fadcon Equipment and Car Accessories Limited - Supply and distribution of high quality and affordable tools &amp; Accessories","og_description":"Voltage:20V Spraying  Pressure:0.1-0.2 Bar  Max.flow:600ml\/min  Max.viscosity:40DIN-s","og_url":"https:\/\/sylfaadytrading.com\/fr\/produit\/lithium-ion-spray-gun-container-capacity800ml\/","og_site_name":"Fadcon Equipment and Car Accessories Limited - Supply and distribution of high quality and affordable tools &amp; Accessories","article_publisher":"https:\/\/web.facebook.com\/fadconequipment","article_modified_time":"2023-01-16T22:16:12+00:00","og_image":[{"width":819,"height":841,"url":"https:\/\/sylfaadytrading.com\/wp-content\/uploads\/2022\/09\/Lithium-Ion-spray-gun-Product-Image-FADCON-EQUIPMENT-CAR-ACCESSORIES-LTD-min.jpg","type":"image\/jpeg"}],"twitter_card":"summary_large_image","twitter_site":"@fadconequipment","schema":{"@context":"https:\/\/schema.org","@graph":[{"@type":"WebPage","@id":"https:\/\/sylfaadytrading.com\/product\/lithium-ion-spray-gun-container-capacity800ml\/","url":"https:\/\/sylfaadytrading.com\/product\/lithium-ion-spray-gun-container-capacity800ml\/","name":"Lithium-Ion spray gun - Container capacity:800ml | Fadcon Equipment and Car Accessories Limited - Supply and distribution of high quality and affordable tools &amp; Accessories","isPartOf":{"@id":"https:\/\/sylfaadytrading.com\/#website"},"primaryImageOfPage":{"@id":"https:\/\/sylfaadytrading.com\/product\/lithium-ion-spray-gun-container-capacity800ml\/#primaryimage"},"image":{"@id":"https:\/\/sylfaadytrading.com\/product\/lithium-ion-spray-gun-container-capacity800ml\/#primaryimage"},"thumbnailUrl":"https:\/\/sylfaadytrading.com\/wp-content\/uploads\/2022\/09\/Lithium-Ion-spray-gun-Product-Image-FADCON-EQUIPMENT-CAR-ACCESSORIES-LTD-min.jpg","datePublished":"2022-09-23T22:58:09+00:00","dateModified":"2023-01-16T22:16:12+00:00","description":"Voltage:20V Spraying Pressure:0.1-0.2 Bar Max.flow:600ml\/min Max.viscosity:40DIN-s","breadcrumb":{"@id":"https:\/\/sylfaadytrading.com\/product\/lithium-ion-spray-gun-container-capacity800ml\/#breadcrumb"},"inLanguage":"fr-FR","potentialAction":[{"@type":"ReadAction","target":["https:\/\/sylfaadytrading.com\/product\/lithium-ion-spray-gun-container-capacity800ml\/"]}]},{"@type":"ImageObject","inLanguage":"fr-FR","@id":"https:\/\/sylfaadytrading.com\/product\/lithium-ion-spray-gun-container-capacity800ml\/#primaryimage","url":"https:\/\/sylfaadytrading.com\/wp-content\/uploads\/2022\/09\/Lithium-Ion-spray-gun-Product-Image-FADCON-EQUIPMENT-CAR-ACCESSORIES-LTD-min.jpg","contentUrl":"https:\/\/sylfaadytrading.com\/wp-content\/uploads\/2022\/09\/Lithium-Ion-spray-gun-Product-Image-FADCON-EQUIPMENT-CAR-ACCESSORIES-LTD-min.jpg","width":819,"height":841},{"@type":"BreadcrumbList","@id":"https:\/\/sylfaadytrading.com\/product\/lithium-ion-spray-gun-container-capacity800ml\/#breadcrumb","itemListElement":[{"@type":"ListItem","position":1,"name":"Home","item":"https:\/\/sylfaadytrading.com\/"},{"@type":"ListItem","position":2,"name":"Shop","item":"https:\/\/sylfaadytrading.com\/shop\/"},{"@type":"ListItem","position":3,"name":"Lithium-Ion spray gun &#8211; Container capacity:800ml"}]},{"@type":"WebSite","@id":"https:\/\/sylfaadytrading.com\/#website","url":"https:\/\/sylfaadytrading.com\/","name":"Fadcon Equipment and Car Accessories","description":"We are also a major accredited distributor of INGCO Brand power tools and equipment, Bosch &amp; Total Tools","publisher":{"@id":"https:\/\/sylfaadytrading.com\/#organization"},"alternateName":"Fadcon Equipment and Car Accessories Limited - Supply and distribution of high quality and affordable tools & Accessories","potentialAction":[{"@type":"SearchAction","target":{"@type":"EntryPoint","urlTemplate":"https:\/\/sylfaadytrading.com\/?s={search_term_string}"},"query-input":{"@type":"PropertyValueSpecification","valueRequired":true,"valueName":"search_term_string"}}],"inLanguage":"fr-FR"},{"@type":"Organization","@id":"https:\/\/sylfaadytrading.com\/#organization","name":"Fadcon Equipment and Car Accessories","alternateName":"Fadcon Equipment and Car Accessories Limited - Supply and distribution of high quality and affordable tools & Accessories","url":"https:\/\/sylfaadytrading.com\/","logo":{"@type":"ImageObject","inLanguage":"fr-FR","@id":"https:\/\/sylfaadytrading.com\/#\/schema\/logo\/image\/","url":"https:\/\/sylfaadytrading.com\/wp-content\/uploads\/2022\/09\/Logo-WEB-FADCON-EQUIPMENT-CAR-ACCESSORIES-LTD-min.png","contentUrl":"https:\/\/sylfaadytrading.com\/wp-content\/uploads\/2022\/09\/Logo-WEB-FADCON-EQUIPMENT-CAR-ACCESSORIES-LTD-min.png","width":523,"height":292,"caption":"Fadcon Equipment and Car Accessories"},"image":{"@id":"https:\/\/sylfaadytrading.com\/#\/schema\/logo\/image\/"},"sameAs":["https:\/\/web.facebook.com\/fadconequipment","https:\/\/x.com\/fadconequipment","https:\/\/www.instagram.com\/fadconequipment\/","https:\/\/linkedin.com\/fadconequipment\/"]}]}},"_links":{"self":[{"href":"https:\/\/sylfaadytrading.com\/fr\/wp-json\/wp\/v2\/product\/2040","targetHints":{"allow":["GET"]}}],"collection":[{"href":"https:\/\/sylfaadytrading.com\/fr\/wp-json\/wp\/v2\/product"}],"about":[{"href":"https:\/\/sylfaadytrading.com\/fr\/wp-json\/wp\/v2\/types\/product"}],"replies":[{"embeddable":true,"href":"https:\/\/sylfaadytrading.com\/fr\/wp-json\/wp\/v2\/comments?post=2040"}],"wp:featuredmedia":[{"embeddable":true,"href":"https:\/\/sylfaadytrading.com\/fr\/wp-json\/wp\/v2\/media\/2041"}],"wp:attachment":[{"href":"https:\/\/sylfaadytrading.com\/fr\/wp-json\/wp\/v2\/media?parent=2040"}],"wp:term":[{"taxonomy":"product_brand","embeddable":true,"href":"https:\/\/sylfaadytrading.com\/fr\/wp-json\/wp\/v2\/product_brand?post=2040"},{"taxonomy":"product_cat","embeddable":true,"href":"https:\/\/sylfaadytrading.com\/fr\/wp-json\/wp\/v2\/product_cat?post=2040"},{"taxonomy":"product_tag","embeddable":true,"href":"https:\/\/sylfaadytrading.com\/fr\/wp-json\/wp\/v2\/product_tag?post=2040"},{"taxonomy":"our-brands","embeddable":true,"href":"https:\/\/sylfaadytrading.com\/fr\/wp-json\/wp\/v2\/our-brands?post=2040"}],"curies":[{"name":"wp","href":"https:\/\/api.w.org\/{rel}","templated":true}]}}