{"id":2596,"date":"2022-12-29T18:36:21","date_gmt":"2022-12-29T18:36:21","guid":{"rendered":"https:\/\/sylfaadytrading.com\/?post_type=product&#038;p=2596"},"modified":"2023-08-15T06:19:08","modified_gmt":"2023-08-15T06:19:08","slug":"high-pressure-washer-hpwr15028","status":"publish","type":"product","link":"https:\/\/sylfaadytrading.com\/fr\/produit\/high-pressure-washer-hpwr15028\/","title":{"rendered":"Nettoyeur haute pression HPWR15028"},"content":{"rendered":"<p>Cette\u00a0<b>INGCO\u00a0<\/b><b>Nettoyeur haute pression portatif de 1500 W\u00a0<\/b>fabriqu\u00e9 avec un moteur \u00e0 induction en cuivre 100%, un circuit imprim\u00e9 puissant et une structure durable. UNE\u00a0<b>Nettoyeur haute pression<\/b>\u00a0avec un design compact, il est l\u00e9ger et facile \u00e0 d\u00e9placer, ce qui vous donne une sensation de travail confortable et libre pour chaque utilisation.\u00a0<b>INGCO\u00a0<\/b><b>HPWR15028 Nettoyeurs haute pression portables\u00a0<\/b>vous aide \u00e0 gagner beaucoup de temps dans le nettoyage des motos, des voitures, des maisons, et est \u00e9galement privil\u00e9gi\u00e9 dans les travaux de construction. Cette\u00a0<b>INGCO\u00a0<\/b><b>Nettoyeur haute pression puissant<\/b>\u00a0La machine vous aide \u00e0 travailler rapidement, de sorte que vous pouvez effectuer efficacement plus de travail en peu de temps.<\/p>\n<p>&nbsp;<\/p>\n<p><b>Caract\u00e9ristiques:<\/b><\/p>\n<ul>\n<li aria-level=\"1\">Tuyau m\u00e9tallique haute pression de 8 m<\/li>\n<li aria-level=\"1\">Moteur \u00e0 induction en fil de cuivre<\/li>\n<li aria-level=\"1\">\u00c9conomisez de l&#039;\u00e9nergie et prolongez la dur\u00e9e de vie de la pompe.<\/li>\n<li aria-level=\"1\">Nettoyeur haute pression, id\u00e9al pour un nettoyage rapide et facile<\/li>\n<\/ul>\n<p>&nbsp;<\/p>\n<p><b>D\u00e9tails techniques:<\/b><\/p>\n<ul>\n<li aria-level=\"1\">Tension : 220-240V~50Hz<\/li>\n<li aria-level=\"1\">Moteur \u00e0 induction en fil de cuivre<\/li>\n<li aria-level=\"1\">Puissance d&#039;entr\u00e9e\u00a0: 1\u00a0500\u00a0W<\/li>\n<li aria-level=\"1\">Pression maximale\u00a0: 100\u00a0bars (1\u00a0450\u00a0psi)<\/li>\n<li aria-level=\"1\">D\u00e9bit\u00a0: 7,0\u00a0L\/min<\/li>\n<li aria-level=\"1\">1 jeu de pistolet \u00e0 eau<\/li>\n<li aria-level=\"1\">Tuyau m\u00e9tallique haute pression de 8 m<\/li>\n<li aria-level=\"1\">Emball\u00e9 par bo\u00eete de couleur<\/li>\n<\/ul>","protected":false},"excerpt":{"rendered":"<p>https:\/\/youtu.be\/I6EGE5bOU38<\/p>","protected":false},"featured_media":2597,"comment_status":"closed","ping_status":"closed","template":"","meta":{"rs_blank_template":"","rs_page_bg_color":"","slide_template_v7":"","_monsterinsights_skip_tracking":false,"_monsterinsights_sitenote_active":false,"_monsterinsights_sitenote_note":"","_monsterinsights_sitenote_category":0},"product_brand":[],"product_cat":[60,31,58,61,16,64],"product_tag":[],"our-brands":[36],"class_list":{"0":"post-2596","1":"product","2":"type-product","3":"status-publish","4":"has-post-thumbnail","6":"product_cat-car-cleaning-products","7":"product_cat-cleaning-equipment-and-accessories","8":"product_cat-construction-consumables-and-hardware","9":"product_cat-garden-and-accessories","10":"product_cat-general-tools","11":"product_cat-water-pumps-and-plumbing","12":"our-brands-ingco-tools","14":"first","15":"instock","16":"shipping-taxable","17":"purchasable","18":"product-type-simple"},"yoast_head":"<!-- This site is optimized with the Yoast SEO Premium plugin v27.2 (Yoast SEO v27.2) - https:\/\/yoast.com\/product\/yoast-seo-premium-wordpress\/ -->\n<title>High pressure washer HPWR15028 | Fadcon Equipment and Car Accessories Limited - Supply and distribution of high quality and affordable tools &amp; Accessories<\/title>\n<meta name=\"description\" content=\"https:\/\/youtu.be\/I6EGE5bOU38\" \/>\n<meta name=\"robots\" content=\"index, follow, max-snippet:-1, max-image-preview:large, max-video-preview:-1\" \/>\n<link rel=\"canonical\" href=\"https:\/\/sylfaadytrading.com\/fr\/produit\/high-pressure-washer-hpwr15028\/\" \/>\n<meta property=\"og:locale\" content=\"fr_FR\" \/>\n<meta property=\"og:type\" content=\"article\" \/>\n<meta property=\"og:title\" content=\"High pressure washer HPWR15028 | Fadcon Equipment and Car Accessories Limited - Supply and distribution of high quality and affordable tools &amp; Accessories\" \/>\n<meta property=\"og:description\" content=\"https:\/\/youtu.be\/I6EGE5bOU38\" \/>\n<meta property=\"og:url\" content=\"https:\/\/sylfaadytrading.com\/fr\/produit\/high-pressure-washer-hpwr15028\/\" \/>\n<meta property=\"og:site_name\" content=\"Fadcon Equipment and Car Accessories Limited - Supply and distribution of high quality and affordable tools &amp; Accessories\" \/>\n<meta property=\"article:publisher\" content=\"https:\/\/web.facebook.com\/fadconequipment\" \/>\n<meta property=\"article:modified_time\" content=\"2023-08-15T06:19:08+00:00\" \/>\n<meta property=\"og:image\" content=\"https:\/\/sylfaadytrading.com\/wp-content\/uploads\/2022\/12\/ingco-industrial-pressure-washer-1500w-fadcon-equipment.jpg\" \/>\n\t<meta property=\"og:image:width\" content=\"2560\" \/>\n\t<meta property=\"og:image:height\" content=\"2560\" \/>\n\t<meta property=\"og:image:type\" content=\"image\/jpeg\" \/>\n<meta name=\"twitter:card\" content=\"summary_large_image\" \/>\n<meta name=\"twitter:site\" content=\"@fadconequipment\" \/>\n<meta name=\"twitter:label1\" content=\"Dur\u00e9e de lecture estim\u00e9e\" \/>\n\t<meta name=\"twitter:data1\" content=\"1 minute\" \/>\n<script type=\"application\/ld+json\" class=\"yoast-schema-graph\">{\"@context\":\"https:\/\/schema.org\",\"@graph\":[{\"@type\":\"WebPage\",\"@id\":\"https:\/\/sylfaadytrading.com\/product\/high-pressure-washer-hpwr15028\/\",\"url\":\"https:\/\/sylfaadytrading.com\/product\/high-pressure-washer-hpwr15028\/\",\"name\":\"High pressure washer HPWR15028 | Fadcon Equipment and Car Accessories Limited - Supply and distribution of high quality and affordable tools &amp; Accessories\",\"isPartOf\":{\"@id\":\"https:\/\/sylfaadytrading.com\/#website\"},\"primaryImageOfPage\":{\"@id\":\"https:\/\/sylfaadytrading.com\/product\/high-pressure-washer-hpwr15028\/#primaryimage\"},\"image\":{\"@id\":\"https:\/\/sylfaadytrading.com\/product\/high-pressure-washer-hpwr15028\/#primaryimage\"},\"thumbnailUrl\":\"https:\/\/sylfaadytrading.com\/wp-content\/uploads\/2022\/12\/ingco-industrial-pressure-washer-1500w-fadcon-equipment.jpg\",\"datePublished\":\"2022-12-29T18:36:21+00:00\",\"dateModified\":\"2023-08-15T06:19:08+00:00\",\"description\":\"https:\/\/youtu.be\/I6EGE5bOU38\",\"breadcrumb\":{\"@id\":\"https:\/\/sylfaadytrading.com\/product\/high-pressure-washer-hpwr15028\/#breadcrumb\"},\"inLanguage\":\"fr-FR\",\"potentialAction\":[{\"@type\":\"ReadAction\",\"target\":[\"https:\/\/sylfaadytrading.com\/product\/high-pressure-washer-hpwr15028\/\"]}]},{\"@type\":\"ImageObject\",\"inLanguage\":\"fr-FR\",\"@id\":\"https:\/\/sylfaadytrading.com\/product\/high-pressure-washer-hpwr15028\/#primaryimage\",\"url\":\"https:\/\/sylfaadytrading.com\/wp-content\/uploads\/2022\/12\/ingco-industrial-pressure-washer-1500w-fadcon-equipment.jpg\",\"contentUrl\":\"https:\/\/sylfaadytrading.com\/wp-content\/uploads\/2022\/12\/ingco-industrial-pressure-washer-1500w-fadcon-equipment.jpg\",\"width\":2560,\"height\":2560},{\"@type\":\"BreadcrumbList\",\"@id\":\"https:\/\/sylfaadytrading.com\/product\/high-pressure-washer-hpwr15028\/#breadcrumb\",\"itemListElement\":[{\"@type\":\"ListItem\",\"position\":1,\"name\":\"Home\",\"item\":\"https:\/\/sylfaadytrading.com\/\"},{\"@type\":\"ListItem\",\"position\":2,\"name\":\"Shop\",\"item\":\"https:\/\/sylfaadytrading.com\/shop\/\"},{\"@type\":\"ListItem\",\"position\":3,\"name\":\"High pressure washer HPWR15028\"}]},{\"@type\":\"WebSite\",\"@id\":\"https:\/\/sylfaadytrading.com\/#website\",\"url\":\"https:\/\/sylfaadytrading.com\/\",\"name\":\"Fadcon Equipment and Car Accessories\",\"description\":\"We are also a major accredited distributor of INGCO Brand power tools and equipment, Bosch &amp; Total Tools\",\"publisher\":{\"@id\":\"https:\/\/sylfaadytrading.com\/#organization\"},\"alternateName\":\"Fadcon Equipment and Car Accessories Limited - Supply and distribution of high quality and affordable tools & Accessories\",\"potentialAction\":[{\"@type\":\"SearchAction\",\"target\":{\"@type\":\"EntryPoint\",\"urlTemplate\":\"https:\/\/sylfaadytrading.com\/?s={search_term_string}\"},\"query-input\":{\"@type\":\"PropertyValueSpecification\",\"valueRequired\":true,\"valueName\":\"search_term_string\"}}],\"inLanguage\":\"fr-FR\"},{\"@type\":\"Organization\",\"@id\":\"https:\/\/sylfaadytrading.com\/#organization\",\"name\":\"Fadcon Equipment and Car Accessories\",\"alternateName\":\"Fadcon Equipment and Car Accessories Limited - Supply and distribution of high quality and affordable tools & Accessories\",\"url\":\"https:\/\/sylfaadytrading.com\/\",\"logo\":{\"@type\":\"ImageObject\",\"inLanguage\":\"fr-FR\",\"@id\":\"https:\/\/sylfaadytrading.com\/#\/schema\/logo\/image\/\",\"url\":\"https:\/\/sylfaadytrading.com\/wp-content\/uploads\/2022\/09\/Logo-WEB-FADCON-EQUIPMENT-CAR-ACCESSORIES-LTD-min.png\",\"contentUrl\":\"https:\/\/sylfaadytrading.com\/wp-content\/uploads\/2022\/09\/Logo-WEB-FADCON-EQUIPMENT-CAR-ACCESSORIES-LTD-min.png\",\"width\":523,\"height\":292,\"caption\":\"Fadcon Equipment and Car Accessories\"},\"image\":{\"@id\":\"https:\/\/sylfaadytrading.com\/#\/schema\/logo\/image\/\"},\"sameAs\":[\"https:\/\/web.facebook.com\/fadconequipment\",\"https:\/\/x.com\/fadconequipment\",\"https:\/\/www.instagram.com\/fadconequipment\/\",\"https:\/\/linkedin.com\/fadconequipment\/\"]}]}<\/script>\n<!-- \/ Yoast SEO Premium plugin. -->","yoast_head_json":{"title":"High pressure washer HPWR15028 | Fadcon Equipment and Car Accessories Limited - Supply and distribution of high quality and affordable tools &amp; Accessories","description":"https:\/\/youtu.be\/I6EGE5bOU38","robots":{"index":"index","follow":"follow","max-snippet":"max-snippet:-1","max-image-preview":"max-image-preview:large","max-video-preview":"max-video-preview:-1"},"canonical":"https:\/\/sylfaadytrading.com\/fr\/produit\/high-pressure-washer-hpwr15028\/","og_locale":"fr_FR","og_type":"article","og_title":"High pressure washer HPWR15028 | Fadcon Equipment and Car Accessories Limited - Supply and distribution of high quality and affordable tools &amp; Accessories","og_description":"https:\/\/youtu.be\/I6EGE5bOU38","og_url":"https:\/\/sylfaadytrading.com\/fr\/produit\/high-pressure-washer-hpwr15028\/","og_site_name":"Fadcon Equipment and Car Accessories Limited - Supply and distribution of high quality and affordable tools &amp; Accessories","article_publisher":"https:\/\/web.facebook.com\/fadconequipment","article_modified_time":"2023-08-15T06:19:08+00:00","og_image":[{"width":2560,"height":2560,"url":"https:\/\/sylfaadytrading.com\/wp-content\/uploads\/2022\/12\/ingco-industrial-pressure-washer-1500w-fadcon-equipment.jpg","type":"image\/jpeg"}],"twitter_card":"summary_large_image","twitter_site":"@fadconequipment","twitter_misc":{"Dur\u00e9e de lecture estim\u00e9e":"1 minute"},"schema":{"@context":"https:\/\/schema.org","@graph":[{"@type":"WebPage","@id":"https:\/\/sylfaadytrading.com\/product\/high-pressure-washer-hpwr15028\/","url":"https:\/\/sylfaadytrading.com\/product\/high-pressure-washer-hpwr15028\/","name":"High pressure washer HPWR15028 | Fadcon Equipment and Car Accessories Limited - Supply and distribution of high quality and affordable tools &amp; Accessories","isPartOf":{"@id":"https:\/\/sylfaadytrading.com\/#website"},"primaryImageOfPage":{"@id":"https:\/\/sylfaadytrading.com\/product\/high-pressure-washer-hpwr15028\/#primaryimage"},"image":{"@id":"https:\/\/sylfaadytrading.com\/product\/high-pressure-washer-hpwr15028\/#primaryimage"},"thumbnailUrl":"https:\/\/sylfaadytrading.com\/wp-content\/uploads\/2022\/12\/ingco-industrial-pressure-washer-1500w-fadcon-equipment.jpg","datePublished":"2022-12-29T18:36:21+00:00","dateModified":"2023-08-15T06:19:08+00:00","description":"https:\/\/youtu.be\/I6EGE5bOU38","breadcrumb":{"@id":"https:\/\/sylfaadytrading.com\/product\/high-pressure-washer-hpwr15028\/#breadcrumb"},"inLanguage":"fr-FR","potentialAction":[{"@type":"ReadAction","target":["https:\/\/sylfaadytrading.com\/product\/high-pressure-washer-hpwr15028\/"]}]},{"@type":"ImageObject","inLanguage":"fr-FR","@id":"https:\/\/sylfaadytrading.com\/product\/high-pressure-washer-hpwr15028\/#primaryimage","url":"https:\/\/sylfaadytrading.com\/wp-content\/uploads\/2022\/12\/ingco-industrial-pressure-washer-1500w-fadcon-equipment.jpg","contentUrl":"https:\/\/sylfaadytrading.com\/wp-content\/uploads\/2022\/12\/ingco-industrial-pressure-washer-1500w-fadcon-equipment.jpg","width":2560,"height":2560},{"@type":"BreadcrumbList","@id":"https:\/\/sylfaadytrading.com\/product\/high-pressure-washer-hpwr15028\/#breadcrumb","itemListElement":[{"@type":"ListItem","position":1,"name":"Home","item":"https:\/\/sylfaadytrading.com\/"},{"@type":"ListItem","position":2,"name":"Shop","item":"https:\/\/sylfaadytrading.com\/shop\/"},{"@type":"ListItem","position":3,"name":"High pressure washer HPWR15028"}]},{"@type":"WebSite","@id":"https:\/\/sylfaadytrading.com\/#website","url":"https:\/\/sylfaadytrading.com\/","name":"Fadcon Equipment and Car Accessories","description":"We are also a major accredited distributor of INGCO Brand power tools and equipment, Bosch &amp; Total Tools","publisher":{"@id":"https:\/\/sylfaadytrading.com\/#organization"},"alternateName":"Fadcon Equipment and Car Accessories Limited - Supply and distribution of high quality and affordable tools & Accessories","potentialAction":[{"@type":"SearchAction","target":{"@type":"EntryPoint","urlTemplate":"https:\/\/sylfaadytrading.com\/?s={search_term_string}"},"query-input":{"@type":"PropertyValueSpecification","valueRequired":true,"valueName":"search_term_string"}}],"inLanguage":"fr-FR"},{"@type":"Organization","@id":"https:\/\/sylfaadytrading.com\/#organization","name":"Fadcon Equipment and Car Accessories","alternateName":"Fadcon Equipment and Car Accessories Limited - Supply and distribution of high quality and affordable tools & Accessories","url":"https:\/\/sylfaadytrading.com\/","logo":{"@type":"ImageObject","inLanguage":"fr-FR","@id":"https:\/\/sylfaadytrading.com\/#\/schema\/logo\/image\/","url":"https:\/\/sylfaadytrading.com\/wp-content\/uploads\/2022\/09\/Logo-WEB-FADCON-EQUIPMENT-CAR-ACCESSORIES-LTD-min.png","contentUrl":"https:\/\/sylfaadytrading.com\/wp-content\/uploads\/2022\/09\/Logo-WEB-FADCON-EQUIPMENT-CAR-ACCESSORIES-LTD-min.png","width":523,"height":292,"caption":"Fadcon Equipment and Car Accessories"},"image":{"@id":"https:\/\/sylfaadytrading.com\/#\/schema\/logo\/image\/"},"sameAs":["https:\/\/web.facebook.com\/fadconequipment","https:\/\/x.com\/fadconequipment","https:\/\/www.instagram.com\/fadconequipment\/","https:\/\/linkedin.com\/fadconequipment\/"]}]}},"_links":{"self":[{"href":"https:\/\/sylfaadytrading.com\/fr\/wp-json\/wp\/v2\/product\/2596","targetHints":{"allow":["GET"]}}],"collection":[{"href":"https:\/\/sylfaadytrading.com\/fr\/wp-json\/wp\/v2\/product"}],"about":[{"href":"https:\/\/sylfaadytrading.com\/fr\/wp-json\/wp\/v2\/types\/product"}],"replies":[{"embeddable":true,"href":"https:\/\/sylfaadytrading.com\/fr\/wp-json\/wp\/v2\/comments?post=2596"}],"wp:featuredmedia":[{"embeddable":true,"href":"https:\/\/sylfaadytrading.com\/fr\/wp-json\/wp\/v2\/media\/2597"}],"wp:attachment":[{"href":"https:\/\/sylfaadytrading.com\/fr\/wp-json\/wp\/v2\/media?parent=2596"}],"wp:term":[{"taxonomy":"product_brand","embeddable":true,"href":"https:\/\/sylfaadytrading.com\/fr\/wp-json\/wp\/v2\/product_brand?post=2596"},{"taxonomy":"product_cat","embeddable":true,"href":"https:\/\/sylfaadytrading.com\/fr\/wp-json\/wp\/v2\/product_cat?post=2596"},{"taxonomy":"product_tag","embeddable":true,"href":"https:\/\/sylfaadytrading.com\/fr\/wp-json\/wp\/v2\/product_tag?post=2596"},{"taxonomy":"our-brands","embeddable":true,"href":"https:\/\/sylfaadytrading.com\/fr\/wp-json\/wp\/v2\/our-brands?post=2596"}],"curies":[{"name":"wp","href":"https:\/\/api.w.org\/{rel}","templated":true}]}}