{"id":2617,"date":"2022-12-29T20:30:27","date_gmt":"2022-12-29T20:30:27","guid":{"rendered":"https:\/\/sylfaadytrading.com\/?post_type=product&#038;p=2617"},"modified":"2022-12-29T20:30:28","modified_gmt":"2022-12-29T20:30:28","slug":"gasoline-pressure-washer-ghpw2003","status":"publish","type":"product","link":"https:\/\/sylfaadytrading.com\/fr\/produit\/gasoline-pressure-washer-ghpw2003\/","title":{"rendered":"Nettoyeur haute pression \u00e0 essence GHPW2003"},"content":{"rendered":"<p>Type de pompe : pompe \u00e0 came axiale \u00e0 3 pistons en aluminium.<br \/>\nSortie maximale\u00a0: 6,0\u00a0HP<br \/>\nMax. Pression : 214Bar (3100PSI)<br \/>\nD\u00e9bit : 8,7 L\/min (2,3 GPM)<br \/>\nType de moteur :OHV 4 temps<br \/>\nD\u00e9placement :208CC<br \/>\nSyst\u00e8me de d\u00e9marrage :Recul<br \/>\nVitesse du moteur\u00a0: 3\u00a0600\u00a0tr\/min<br \/>\nVolume de carburant\u00a0: 3,6\u00a0L<br \/>\nVolume d&#039;huile : 0,6 L<br \/>\nType de carburant : essence sans plomb<br \/>\n1 lance en m\u00e9tal<br \/>\n1 pistolet en m\u00e9tal<br \/>\nTuyau de pression de 7,6 m<br \/>\nTrois buses<br \/>\nEmball\u00e9 par bo\u00eete en carton<\/p>","protected":false},"excerpt":{"rendered":"<p>Pump Type:3-Piston Axial cam Pump\u0002Aluminum Max Output:6.0HP Max. Pressure:214Bar (3100PSI) Flow Rate:8.7L\/min (2.3GPM) Engine Type :OHV 4-stroke Displacement :208CC Starting System :Recoil Engine Speed :3600RPM Fuel volume :3.6L Oil Volume :0.6L Fuel Type:Unleaded Gasoline 1 Pcs metal lance 1 Pcs metal gun 7.6 m pressure hose Three nozzles Packed by carton box<\/p>","protected":false},"featured_media":2619,"comment_status":"closed","ping_status":"closed","template":"","meta":{"rs_blank_template":"","rs_page_bg_color":"","slide_template_v7":"","_monsterinsights_skip_tracking":false,"_monsterinsights_sitenote_active":false,"_monsterinsights_sitenote_note":"","_monsterinsights_sitenote_category":0},"product_brand":[],"product_cat":[17,60,31,58,61,16,64],"product_tag":[],"our-brands":[36],"class_list":{"0":"post-2617","1":"product","2":"type-product","3":"status-publish","4":"has-post-thumbnail","6":"product_cat-car-accessories","7":"product_cat-car-cleaning-products","8":"product_cat-cleaning-equipment-and-accessories","9":"product_cat-construction-consumables-and-hardware","10":"product_cat-garden-and-accessories","11":"product_cat-general-tools","12":"product_cat-water-pumps-and-plumbing","13":"our-brands-ingco-tools","15":"first","16":"instock","17":"shipping-taxable","18":"purchasable","19":"product-type-simple"},"yoast_head":"<!-- This site is optimized with the Yoast SEO Premium plugin v27.2 (Yoast SEO v27.2) - https:\/\/yoast.com\/product\/yoast-seo-premium-wordpress\/ -->\n<title>Gasoline pressure washer GHPW2003 | Fadcon Equipment and Car Accessories Limited - Supply and distribution of high quality and affordable tools &amp; Accessories<\/title>\n<meta name=\"description\" content=\"Pump Type:3-Piston Axial cam Pump\u0002Aluminum Max Output:6.0HP Max. Pressure:214Bar (3100PSI) Flow Rate:8.7L\/min (2.3GPM) Engine Type :OHV 4-stroke\" \/>\n<meta name=\"robots\" content=\"index, follow, max-snippet:-1, max-image-preview:large, max-video-preview:-1\" \/>\n<link rel=\"canonical\" href=\"https:\/\/sylfaadytrading.com\/fr\/produit\/gasoline-pressure-washer-ghpw2003\/\" \/>\n<meta property=\"og:locale\" content=\"fr_FR\" \/>\n<meta property=\"og:type\" content=\"article\" \/>\n<meta property=\"og:title\" content=\"Gasoline pressure washer GHPW2003 | Fadcon Equipment and Car Accessories Limited - Supply and distribution of high quality and affordable tools &amp; Accessories\" \/>\n<meta property=\"og:description\" content=\"Pump Type:3-Piston Axial cam Pump\u0002Aluminum Max Output:6.0HP Max. Pressure:214Bar (3100PSI) Flow Rate:8.7L\/min (2.3GPM) Engine Type :OHV 4-stroke\" \/>\n<meta property=\"og:url\" content=\"https:\/\/sylfaadytrading.com\/fr\/produit\/gasoline-pressure-washer-ghpw2003\/\" \/>\n<meta property=\"og:site_name\" content=\"Fadcon Equipment and Car Accessories Limited - Supply and distribution of high quality and affordable tools &amp; Accessories\" \/>\n<meta property=\"article:publisher\" content=\"https:\/\/web.facebook.com\/fadconequipment\" \/>\n<meta property=\"article:modified_time\" content=\"2022-12-29T20:30:28+00:00\" \/>\n<meta property=\"og:image\" content=\"https:\/\/sylfaadytrading.com\/wp-content\/uploads\/2022\/12\/GHPW2003-1.jpg\" \/>\n\t<meta property=\"og:image:width\" content=\"500\" \/>\n\t<meta property=\"og:image:height\" content=\"500\" \/>\n\t<meta property=\"og:image:type\" content=\"image\/jpeg\" \/>\n<meta name=\"twitter:card\" content=\"summary_large_image\" \/>\n<meta name=\"twitter:site\" content=\"@fadconequipment\" \/>\n<script type=\"application\/ld+json\" class=\"yoast-schema-graph\">{\"@context\":\"https:\/\/schema.org\",\"@graph\":[{\"@type\":\"WebPage\",\"@id\":\"https:\/\/sylfaadytrading.com\/product\/gasoline-pressure-washer-ghpw2003\/\",\"url\":\"https:\/\/sylfaadytrading.com\/product\/gasoline-pressure-washer-ghpw2003\/\",\"name\":\"Gasoline pressure washer GHPW2003 | Fadcon Equipment and Car Accessories Limited - Supply and distribution of high quality and affordable tools &amp; Accessories\",\"isPartOf\":{\"@id\":\"https:\/\/sylfaadytrading.com\/#website\"},\"primaryImageOfPage\":{\"@id\":\"https:\/\/sylfaadytrading.com\/product\/gasoline-pressure-washer-ghpw2003\/#primaryimage\"},\"image\":{\"@id\":\"https:\/\/sylfaadytrading.com\/product\/gasoline-pressure-washer-ghpw2003\/#primaryimage\"},\"thumbnailUrl\":\"https:\/\/sylfaadytrading.com\/wp-content\/uploads\/2022\/12\/GHPW2003-1.jpg\",\"datePublished\":\"2022-12-29T20:30:27+00:00\",\"dateModified\":\"2022-12-29T20:30:28+00:00\",\"description\":\"Pump Type:3-Piston Axial cam Pump\\u0002Aluminum Max Output:6.0HP Max. Pressure:214Bar (3100PSI) Flow Rate:8.7L\/min (2.3GPM) Engine Type :OHV 4-stroke\",\"breadcrumb\":{\"@id\":\"https:\/\/sylfaadytrading.com\/product\/gasoline-pressure-washer-ghpw2003\/#breadcrumb\"},\"inLanguage\":\"fr-FR\",\"potentialAction\":[{\"@type\":\"ReadAction\",\"target\":[\"https:\/\/sylfaadytrading.com\/product\/gasoline-pressure-washer-ghpw2003\/\"]}]},{\"@type\":\"ImageObject\",\"inLanguage\":\"fr-FR\",\"@id\":\"https:\/\/sylfaadytrading.com\/product\/gasoline-pressure-washer-ghpw2003\/#primaryimage\",\"url\":\"https:\/\/sylfaadytrading.com\/wp-content\/uploads\/2022\/12\/GHPW2003-1.jpg\",\"contentUrl\":\"https:\/\/sylfaadytrading.com\/wp-content\/uploads\/2022\/12\/GHPW2003-1.jpg\",\"width\":500,\"height\":500},{\"@type\":\"BreadcrumbList\",\"@id\":\"https:\/\/sylfaadytrading.com\/product\/gasoline-pressure-washer-ghpw2003\/#breadcrumb\",\"itemListElement\":[{\"@type\":\"ListItem\",\"position\":1,\"name\":\"Home\",\"item\":\"https:\/\/sylfaadytrading.com\/\"},{\"@type\":\"ListItem\",\"position\":2,\"name\":\"Shop\",\"item\":\"https:\/\/sylfaadytrading.com\/shop\/\"},{\"@type\":\"ListItem\",\"position\":3,\"name\":\"Gasoline pressure washer GHPW2003\"}]},{\"@type\":\"WebSite\",\"@id\":\"https:\/\/sylfaadytrading.com\/#website\",\"url\":\"https:\/\/sylfaadytrading.com\/\",\"name\":\"Fadcon Equipment and Car Accessories\",\"description\":\"We are also a major accredited distributor of INGCO Brand power tools and equipment, Bosch &amp; Total Tools\",\"publisher\":{\"@id\":\"https:\/\/sylfaadytrading.com\/#organization\"},\"alternateName\":\"Fadcon Equipment and Car Accessories Limited - Supply and distribution of high quality and affordable tools & Accessories\",\"potentialAction\":[{\"@type\":\"SearchAction\",\"target\":{\"@type\":\"EntryPoint\",\"urlTemplate\":\"https:\/\/sylfaadytrading.com\/?s={search_term_string}\"},\"query-input\":{\"@type\":\"PropertyValueSpecification\",\"valueRequired\":true,\"valueName\":\"search_term_string\"}}],\"inLanguage\":\"fr-FR\"},{\"@type\":\"Organization\",\"@id\":\"https:\/\/sylfaadytrading.com\/#organization\",\"name\":\"Fadcon Equipment and Car Accessories\",\"alternateName\":\"Fadcon Equipment and Car Accessories Limited - Supply and distribution of high quality and affordable tools & Accessories\",\"url\":\"https:\/\/sylfaadytrading.com\/\",\"logo\":{\"@type\":\"ImageObject\",\"inLanguage\":\"fr-FR\",\"@id\":\"https:\/\/sylfaadytrading.com\/#\/schema\/logo\/image\/\",\"url\":\"https:\/\/sylfaadytrading.com\/wp-content\/uploads\/2022\/09\/Logo-WEB-FADCON-EQUIPMENT-CAR-ACCESSORIES-LTD-min.png\",\"contentUrl\":\"https:\/\/sylfaadytrading.com\/wp-content\/uploads\/2022\/09\/Logo-WEB-FADCON-EQUIPMENT-CAR-ACCESSORIES-LTD-min.png\",\"width\":523,\"height\":292,\"caption\":\"Fadcon Equipment and Car Accessories\"},\"image\":{\"@id\":\"https:\/\/sylfaadytrading.com\/#\/schema\/logo\/image\/\"},\"sameAs\":[\"https:\/\/web.facebook.com\/fadconequipment\",\"https:\/\/x.com\/fadconequipment\",\"https:\/\/www.instagram.com\/fadconequipment\/\",\"https:\/\/linkedin.com\/fadconequipment\/\"]}]}<\/script>\n<!-- \/ Yoast SEO Premium plugin. -->","yoast_head_json":{"title":"Gasoline pressure washer GHPW2003 | Fadcon Equipment and Car Accessories Limited - Supply and distribution of high quality and affordable tools &amp; Accessories","description":"Pump Type:3-Piston Axial cam Pump\u0002Aluminum Max Output:6.0HP Max. Pressure:214Bar (3100PSI) Flow Rate:8.7L\/min (2.3GPM) Engine Type :OHV 4-stroke","robots":{"index":"index","follow":"follow","max-snippet":"max-snippet:-1","max-image-preview":"max-image-preview:large","max-video-preview":"max-video-preview:-1"},"canonical":"https:\/\/sylfaadytrading.com\/fr\/produit\/gasoline-pressure-washer-ghpw2003\/","og_locale":"fr_FR","og_type":"article","og_title":"Gasoline pressure washer GHPW2003 | Fadcon Equipment and Car Accessories Limited - Supply and distribution of high quality and affordable tools &amp; Accessories","og_description":"Pump Type:3-Piston Axial cam Pump\u0002Aluminum Max Output:6.0HP Max. Pressure:214Bar (3100PSI) Flow Rate:8.7L\/min (2.3GPM) Engine Type :OHV 4-stroke","og_url":"https:\/\/sylfaadytrading.com\/fr\/produit\/gasoline-pressure-washer-ghpw2003\/","og_site_name":"Fadcon Equipment and Car Accessories Limited - Supply and distribution of high quality and affordable tools &amp; Accessories","article_publisher":"https:\/\/web.facebook.com\/fadconequipment","article_modified_time":"2022-12-29T20:30:28+00:00","og_image":[{"width":500,"height":500,"url":"https:\/\/sylfaadytrading.com\/wp-content\/uploads\/2022\/12\/GHPW2003-1.jpg","type":"image\/jpeg"}],"twitter_card":"summary_large_image","twitter_site":"@fadconequipment","schema":{"@context":"https:\/\/schema.org","@graph":[{"@type":"WebPage","@id":"https:\/\/sylfaadytrading.com\/product\/gasoline-pressure-washer-ghpw2003\/","url":"https:\/\/sylfaadytrading.com\/product\/gasoline-pressure-washer-ghpw2003\/","name":"Gasoline pressure washer GHPW2003 | Fadcon Equipment and Car Accessories Limited - Supply and distribution of high quality and affordable tools &amp; Accessories","isPartOf":{"@id":"https:\/\/sylfaadytrading.com\/#website"},"primaryImageOfPage":{"@id":"https:\/\/sylfaadytrading.com\/product\/gasoline-pressure-washer-ghpw2003\/#primaryimage"},"image":{"@id":"https:\/\/sylfaadytrading.com\/product\/gasoline-pressure-washer-ghpw2003\/#primaryimage"},"thumbnailUrl":"https:\/\/sylfaadytrading.com\/wp-content\/uploads\/2022\/12\/GHPW2003-1.jpg","datePublished":"2022-12-29T20:30:27+00:00","dateModified":"2022-12-29T20:30:28+00:00","description":"Pump Type:3-Piston Axial cam Pump\u0002Aluminum Max Output:6.0HP Max. Pressure:214Bar (3100PSI) Flow Rate:8.7L\/min (2.3GPM) Engine Type :OHV 4-stroke","breadcrumb":{"@id":"https:\/\/sylfaadytrading.com\/product\/gasoline-pressure-washer-ghpw2003\/#breadcrumb"},"inLanguage":"fr-FR","potentialAction":[{"@type":"ReadAction","target":["https:\/\/sylfaadytrading.com\/product\/gasoline-pressure-washer-ghpw2003\/"]}]},{"@type":"ImageObject","inLanguage":"fr-FR","@id":"https:\/\/sylfaadytrading.com\/product\/gasoline-pressure-washer-ghpw2003\/#primaryimage","url":"https:\/\/sylfaadytrading.com\/wp-content\/uploads\/2022\/12\/GHPW2003-1.jpg","contentUrl":"https:\/\/sylfaadytrading.com\/wp-content\/uploads\/2022\/12\/GHPW2003-1.jpg","width":500,"height":500},{"@type":"BreadcrumbList","@id":"https:\/\/sylfaadytrading.com\/product\/gasoline-pressure-washer-ghpw2003\/#breadcrumb","itemListElement":[{"@type":"ListItem","position":1,"name":"Home","item":"https:\/\/sylfaadytrading.com\/"},{"@type":"ListItem","position":2,"name":"Shop","item":"https:\/\/sylfaadytrading.com\/shop\/"},{"@type":"ListItem","position":3,"name":"Gasoline pressure washer GHPW2003"}]},{"@type":"WebSite","@id":"https:\/\/sylfaadytrading.com\/#website","url":"https:\/\/sylfaadytrading.com\/","name":"Fadcon Equipment and Car Accessories","description":"We are also a major accredited distributor of INGCO Brand power tools and equipment, Bosch &amp; Total Tools","publisher":{"@id":"https:\/\/sylfaadytrading.com\/#organization"},"alternateName":"Fadcon Equipment and Car Accessories Limited - Supply and distribution of high quality and affordable tools & Accessories","potentialAction":[{"@type":"SearchAction","target":{"@type":"EntryPoint","urlTemplate":"https:\/\/sylfaadytrading.com\/?s={search_term_string}"},"query-input":{"@type":"PropertyValueSpecification","valueRequired":true,"valueName":"search_term_string"}}],"inLanguage":"fr-FR"},{"@type":"Organization","@id":"https:\/\/sylfaadytrading.com\/#organization","name":"Fadcon Equipment and Car Accessories","alternateName":"Fadcon Equipment and Car Accessories Limited - Supply and distribution of high quality and affordable tools & Accessories","url":"https:\/\/sylfaadytrading.com\/","logo":{"@type":"ImageObject","inLanguage":"fr-FR","@id":"https:\/\/sylfaadytrading.com\/#\/schema\/logo\/image\/","url":"https:\/\/sylfaadytrading.com\/wp-content\/uploads\/2022\/09\/Logo-WEB-FADCON-EQUIPMENT-CAR-ACCESSORIES-LTD-min.png","contentUrl":"https:\/\/sylfaadytrading.com\/wp-content\/uploads\/2022\/09\/Logo-WEB-FADCON-EQUIPMENT-CAR-ACCESSORIES-LTD-min.png","width":523,"height":292,"caption":"Fadcon Equipment and Car Accessories"},"image":{"@id":"https:\/\/sylfaadytrading.com\/#\/schema\/logo\/image\/"},"sameAs":["https:\/\/web.facebook.com\/fadconequipment","https:\/\/x.com\/fadconequipment","https:\/\/www.instagram.com\/fadconequipment\/","https:\/\/linkedin.com\/fadconequipment\/"]}]}},"_links":{"self":[{"href":"https:\/\/sylfaadytrading.com\/fr\/wp-json\/wp\/v2\/product\/2617","targetHints":{"allow":["GET"]}}],"collection":[{"href":"https:\/\/sylfaadytrading.com\/fr\/wp-json\/wp\/v2\/product"}],"about":[{"href":"https:\/\/sylfaadytrading.com\/fr\/wp-json\/wp\/v2\/types\/product"}],"replies":[{"embeddable":true,"href":"https:\/\/sylfaadytrading.com\/fr\/wp-json\/wp\/v2\/comments?post=2617"}],"wp:featuredmedia":[{"embeddable":true,"href":"https:\/\/sylfaadytrading.com\/fr\/wp-json\/wp\/v2\/media\/2619"}],"wp:attachment":[{"href":"https:\/\/sylfaadytrading.com\/fr\/wp-json\/wp\/v2\/media?parent=2617"}],"wp:term":[{"taxonomy":"product_brand","embeddable":true,"href":"https:\/\/sylfaadytrading.com\/fr\/wp-json\/wp\/v2\/product_brand?post=2617"},{"taxonomy":"product_cat","embeddable":true,"href":"https:\/\/sylfaadytrading.com\/fr\/wp-json\/wp\/v2\/product_cat?post=2617"},{"taxonomy":"product_tag","embeddable":true,"href":"https:\/\/sylfaadytrading.com\/fr\/wp-json\/wp\/v2\/product_tag?post=2617"},{"taxonomy":"our-brands","embeddable":true,"href":"https:\/\/sylfaadytrading.com\/fr\/wp-json\/wp\/v2\/our-brands?post=2617"}],"curies":[{"name":"wp","href":"https:\/\/api.w.org\/{rel}","templated":true}]}}