{"id":3089,"date":"2023-01-24T16:32:27","date_gmt":"2023-01-24T16:32:27","guid":{"rendered":"https:\/\/sylfaadytrading.com\/?post_type=product&#038;p=3089"},"modified":"2023-01-24T16:32:28","modified_gmt":"2023-01-24T16:32:28","slug":"gasoline-water-pump-gwp302","status":"publish","type":"product","link":"https:\/\/sylfaadytrading.com\/fr\/produit\/gasoline-water-pump-gwp302\/","title":{"rendered":"Pompe \u00e0 eau essence GWP302"},"content":{"rendered":"<blockquote><p>Pompe \u00e0 eau \u00e0 essence GWP302<br \/>\nPort d&#039;aspiration et de d\u00e9charge<br \/>\ndiam\u00e8tre : 80 mm, 3\u2033<br \/>\nD\u00e9bit max.:1000L\/min<br \/>\nAscenseur Max.head: 32m<br \/>\nT\u00eate d&#039;aspiration max.\u00a0: 8\u00a0m<br \/>\nMoteur \u00e0 essence 7.0HP<br \/>\nCylindr\u00e9e\u00a0: 208\u00a0cc<br \/>\nR\u00e9servoir plein\u00a0: 3,6\u00a0L<br \/>\nSyst\u00e8me de d\u00e9marrage : recul<br \/>\nEmball\u00e9 par bo\u00eete en carton<\/p><\/blockquote>","protected":false},"excerpt":{"rendered":"<p>GWP302 Gasoline water pump Suction&amp;Discharge port diameter:80mm,3&#8243; Max.flow:1000L\/min Max.head lift:32m Max.suction head:8m 7.0HP gasoline engine Displacemetn:208cc Fule tank:3.6L Starting system:Recoil Packed by carton box<\/p>","protected":false},"featured_media":3091,"comment_status":"closed","ping_status":"closed","template":"","meta":{"rs_blank_template":"","rs_page_bg_color":"","slide_template_v7":"","_monsterinsights_skip_tracking":false,"_monsterinsights_sitenote_active":false,"_monsterinsights_sitenote_note":"","_monsterinsights_sitenote_category":0},"product_brand":[],"product_cat":[64],"product_tag":[],"our-brands":[36],"class_list":{"0":"post-3089","1":"product","2":"type-product","3":"status-publish","4":"has-post-thumbnail","6":"product_cat-water-pumps-and-plumbing","7":"our-brands-ingco-tools","9":"first","10":"instock","11":"shipping-taxable","12":"purchasable","13":"product-type-simple"},"yoast_head":"<!-- This site is optimized with the Yoast SEO Premium plugin v27.2 (Yoast SEO v27.2) - https:\/\/yoast.com\/product\/yoast-seo-premium-wordpress\/ -->\n<title>Gasoline water pump GWP302 | Fadcon Equipment and Car Accessories Limited - Supply and distribution of high quality and affordable tools &amp; Accessories<\/title>\n<meta name=\"description\" content=\"GWP302 Gasoline water pump Suction&amp;Discharge port diameter:80mm,3&quot; Max.flow:1000L\/min Max.head lift:32m Max.suction head:8m 7.0HP gasoline engine\" \/>\n<meta name=\"robots\" content=\"index, follow, max-snippet:-1, max-image-preview:large, max-video-preview:-1\" \/>\n<link rel=\"canonical\" href=\"https:\/\/sylfaadytrading.com\/fr\/produit\/gasoline-water-pump-gwp302\/\" \/>\n<meta property=\"og:locale\" content=\"fr_FR\" \/>\n<meta property=\"og:type\" content=\"article\" \/>\n<meta property=\"og:title\" content=\"Gasoline water pump GWP302 | Fadcon Equipment and Car Accessories Limited - Supply and distribution of high quality and affordable tools &amp; Accessories\" \/>\n<meta property=\"og:description\" content=\"GWP302 Gasoline water pump Suction&amp;Discharge port diameter:80mm,3&quot; Max.flow:1000L\/min Max.head lift:32m Max.suction head:8m 7.0HP gasoline engine\" \/>\n<meta property=\"og:url\" content=\"https:\/\/sylfaadytrading.com\/fr\/produit\/gasoline-water-pump-gwp302\/\" \/>\n<meta property=\"og:site_name\" content=\"Fadcon Equipment and Car Accessories Limited - Supply and distribution of high quality and affordable tools &amp; Accessories\" \/>\n<meta property=\"article:publisher\" content=\"https:\/\/web.facebook.com\/fadconequipment\" \/>\n<meta property=\"article:modified_time\" content=\"2023-01-24T16:32:28+00:00\" \/>\n<meta property=\"og:image\" content=\"https:\/\/sylfaadytrading.com\/wp-content\/uploads\/2023\/01\/GWP302.jpeg\" \/>\n\t<meta property=\"og:image:width\" content=\"474\" \/>\n\t<meta property=\"og:image:height\" content=\"474\" \/>\n\t<meta property=\"og:image:type\" content=\"image\/jpeg\" \/>\n<meta name=\"twitter:card\" content=\"summary_large_image\" \/>\n<meta name=\"twitter:site\" content=\"@fadconequipment\" \/>\n<meta name=\"twitter:label1\" content=\"Dur\u00e9e de lecture estim\u00e9e\" \/>\n\t<meta name=\"twitter:data1\" content=\"1 minute\" \/>\n<script type=\"application\/ld+json\" class=\"yoast-schema-graph\">{\"@context\":\"https:\/\/schema.org\",\"@graph\":[{\"@type\":\"WebPage\",\"@id\":\"https:\/\/sylfaadytrading.com\/product\/gasoline-water-pump-gwp302\/\",\"url\":\"https:\/\/sylfaadytrading.com\/product\/gasoline-water-pump-gwp302\/\",\"name\":\"Gasoline water pump GWP302 | Fadcon Equipment and Car Accessories Limited - Supply and distribution of high quality and affordable tools &amp; Accessories\",\"isPartOf\":{\"@id\":\"https:\/\/sylfaadytrading.com\/#website\"},\"primaryImageOfPage\":{\"@id\":\"https:\/\/sylfaadytrading.com\/product\/gasoline-water-pump-gwp302\/#primaryimage\"},\"image\":{\"@id\":\"https:\/\/sylfaadytrading.com\/product\/gasoline-water-pump-gwp302\/#primaryimage\"},\"thumbnailUrl\":\"https:\/\/sylfaadytrading.com\/wp-content\/uploads\/2023\/01\/GWP302.jpeg\",\"datePublished\":\"2023-01-24T16:32:27+00:00\",\"dateModified\":\"2023-01-24T16:32:28+00:00\",\"description\":\"GWP302 Gasoline water pump Suction&amp;Discharge port diameter:80mm,3\\\" Max.flow:1000L\/min Max.head lift:32m Max.suction head:8m 7.0HP gasoline engine\",\"breadcrumb\":{\"@id\":\"https:\/\/sylfaadytrading.com\/product\/gasoline-water-pump-gwp302\/#breadcrumb\"},\"inLanguage\":\"fr-FR\",\"potentialAction\":[{\"@type\":\"ReadAction\",\"target\":[\"https:\/\/sylfaadytrading.com\/product\/gasoline-water-pump-gwp302\/\"]}]},{\"@type\":\"ImageObject\",\"inLanguage\":\"fr-FR\",\"@id\":\"https:\/\/sylfaadytrading.com\/product\/gasoline-water-pump-gwp302\/#primaryimage\",\"url\":\"https:\/\/sylfaadytrading.com\/wp-content\/uploads\/2023\/01\/GWP302.jpeg\",\"contentUrl\":\"https:\/\/sylfaadytrading.com\/wp-content\/uploads\/2023\/01\/GWP302.jpeg\",\"width\":474,\"height\":474},{\"@type\":\"BreadcrumbList\",\"@id\":\"https:\/\/sylfaadytrading.com\/product\/gasoline-water-pump-gwp302\/#breadcrumb\",\"itemListElement\":[{\"@type\":\"ListItem\",\"position\":1,\"name\":\"Home\",\"item\":\"https:\/\/sylfaadytrading.com\/\"},{\"@type\":\"ListItem\",\"position\":2,\"name\":\"Shop\",\"item\":\"https:\/\/sylfaadytrading.com\/shop\/\"},{\"@type\":\"ListItem\",\"position\":3,\"name\":\"Gasoline water pump GWP302\"}]},{\"@type\":\"WebSite\",\"@id\":\"https:\/\/sylfaadytrading.com\/#website\",\"url\":\"https:\/\/sylfaadytrading.com\/\",\"name\":\"Fadcon Equipment and Car Accessories\",\"description\":\"We are also a major accredited distributor of INGCO Brand power tools and equipment, Bosch &amp; Total Tools\",\"publisher\":{\"@id\":\"https:\/\/sylfaadytrading.com\/#organization\"},\"alternateName\":\"Fadcon Equipment and Car Accessories Limited - Supply and distribution of high quality and affordable tools & Accessories\",\"potentialAction\":[{\"@type\":\"SearchAction\",\"target\":{\"@type\":\"EntryPoint\",\"urlTemplate\":\"https:\/\/sylfaadytrading.com\/?s={search_term_string}\"},\"query-input\":{\"@type\":\"PropertyValueSpecification\",\"valueRequired\":true,\"valueName\":\"search_term_string\"}}],\"inLanguage\":\"fr-FR\"},{\"@type\":\"Organization\",\"@id\":\"https:\/\/sylfaadytrading.com\/#organization\",\"name\":\"Fadcon Equipment and Car Accessories\",\"alternateName\":\"Fadcon Equipment and Car Accessories Limited - Supply and distribution of high quality and affordable tools & Accessories\",\"url\":\"https:\/\/sylfaadytrading.com\/\",\"logo\":{\"@type\":\"ImageObject\",\"inLanguage\":\"fr-FR\",\"@id\":\"https:\/\/sylfaadytrading.com\/#\/schema\/logo\/image\/\",\"url\":\"https:\/\/sylfaadytrading.com\/wp-content\/uploads\/2022\/09\/Logo-WEB-FADCON-EQUIPMENT-CAR-ACCESSORIES-LTD-min.png\",\"contentUrl\":\"https:\/\/sylfaadytrading.com\/wp-content\/uploads\/2022\/09\/Logo-WEB-FADCON-EQUIPMENT-CAR-ACCESSORIES-LTD-min.png\",\"width\":523,\"height\":292,\"caption\":\"Fadcon Equipment and Car Accessories\"},\"image\":{\"@id\":\"https:\/\/sylfaadytrading.com\/#\/schema\/logo\/image\/\"},\"sameAs\":[\"https:\/\/web.facebook.com\/fadconequipment\",\"https:\/\/x.com\/fadconequipment\",\"https:\/\/www.instagram.com\/fadconequipment\/\",\"https:\/\/linkedin.com\/fadconequipment\/\"]}]}<\/script>\n<!-- \/ Yoast SEO Premium plugin. -->","yoast_head_json":{"title":"Gasoline water pump GWP302 | Fadcon Equipment and Car Accessories Limited - Supply and distribution of high quality and affordable tools &amp; Accessories","description":"GWP302 Gasoline water pump Suction&amp;Discharge port diameter:80mm,3\" Max.flow:1000L\/min Max.head lift:32m Max.suction head:8m 7.0HP gasoline engine","robots":{"index":"index","follow":"follow","max-snippet":"max-snippet:-1","max-image-preview":"max-image-preview:large","max-video-preview":"max-video-preview:-1"},"canonical":"https:\/\/sylfaadytrading.com\/fr\/produit\/gasoline-water-pump-gwp302\/","og_locale":"fr_FR","og_type":"article","og_title":"Gasoline water pump GWP302 | Fadcon Equipment and Car Accessories Limited - Supply and distribution of high quality and affordable tools &amp; Accessories","og_description":"GWP302 Gasoline water pump Suction&amp;Discharge port diameter:80mm,3\" Max.flow:1000L\/min Max.head lift:32m Max.suction head:8m 7.0HP gasoline engine","og_url":"https:\/\/sylfaadytrading.com\/fr\/produit\/gasoline-water-pump-gwp302\/","og_site_name":"Fadcon Equipment and Car Accessories Limited - Supply and distribution of high quality and affordable tools &amp; Accessories","article_publisher":"https:\/\/web.facebook.com\/fadconequipment","article_modified_time":"2023-01-24T16:32:28+00:00","og_image":[{"width":474,"height":474,"url":"https:\/\/sylfaadytrading.com\/wp-content\/uploads\/2023\/01\/GWP302.jpeg","type":"image\/jpeg"}],"twitter_card":"summary_large_image","twitter_site":"@fadconequipment","twitter_misc":{"Dur\u00e9e de lecture estim\u00e9e":"1 minute"},"schema":{"@context":"https:\/\/schema.org","@graph":[{"@type":"WebPage","@id":"https:\/\/sylfaadytrading.com\/product\/gasoline-water-pump-gwp302\/","url":"https:\/\/sylfaadytrading.com\/product\/gasoline-water-pump-gwp302\/","name":"Gasoline water pump GWP302 | Fadcon Equipment and Car Accessories Limited - Supply and distribution of high quality and affordable tools &amp; Accessories","isPartOf":{"@id":"https:\/\/sylfaadytrading.com\/#website"},"primaryImageOfPage":{"@id":"https:\/\/sylfaadytrading.com\/product\/gasoline-water-pump-gwp302\/#primaryimage"},"image":{"@id":"https:\/\/sylfaadytrading.com\/product\/gasoline-water-pump-gwp302\/#primaryimage"},"thumbnailUrl":"https:\/\/sylfaadytrading.com\/wp-content\/uploads\/2023\/01\/GWP302.jpeg","datePublished":"2023-01-24T16:32:27+00:00","dateModified":"2023-01-24T16:32:28+00:00","description":"GWP302 Gasoline water pump Suction&amp;Discharge port diameter:80mm,3\" Max.flow:1000L\/min Max.head lift:32m Max.suction head:8m 7.0HP gasoline engine","breadcrumb":{"@id":"https:\/\/sylfaadytrading.com\/product\/gasoline-water-pump-gwp302\/#breadcrumb"},"inLanguage":"fr-FR","potentialAction":[{"@type":"ReadAction","target":["https:\/\/sylfaadytrading.com\/product\/gasoline-water-pump-gwp302\/"]}]},{"@type":"ImageObject","inLanguage":"fr-FR","@id":"https:\/\/sylfaadytrading.com\/product\/gasoline-water-pump-gwp302\/#primaryimage","url":"https:\/\/sylfaadytrading.com\/wp-content\/uploads\/2023\/01\/GWP302.jpeg","contentUrl":"https:\/\/sylfaadytrading.com\/wp-content\/uploads\/2023\/01\/GWP302.jpeg","width":474,"height":474},{"@type":"BreadcrumbList","@id":"https:\/\/sylfaadytrading.com\/product\/gasoline-water-pump-gwp302\/#breadcrumb","itemListElement":[{"@type":"ListItem","position":1,"name":"Home","item":"https:\/\/sylfaadytrading.com\/"},{"@type":"ListItem","position":2,"name":"Shop","item":"https:\/\/sylfaadytrading.com\/shop\/"},{"@type":"ListItem","position":3,"name":"Gasoline water pump GWP302"}]},{"@type":"WebSite","@id":"https:\/\/sylfaadytrading.com\/#website","url":"https:\/\/sylfaadytrading.com\/","name":"Fadcon Equipment and Car Accessories","description":"We are also a major accredited distributor of INGCO Brand power tools and equipment, Bosch &amp; Total Tools","publisher":{"@id":"https:\/\/sylfaadytrading.com\/#organization"},"alternateName":"Fadcon Equipment and Car Accessories Limited - Supply and distribution of high quality and affordable tools & Accessories","potentialAction":[{"@type":"SearchAction","target":{"@type":"EntryPoint","urlTemplate":"https:\/\/sylfaadytrading.com\/?s={search_term_string}"},"query-input":{"@type":"PropertyValueSpecification","valueRequired":true,"valueName":"search_term_string"}}],"inLanguage":"fr-FR"},{"@type":"Organization","@id":"https:\/\/sylfaadytrading.com\/#organization","name":"Fadcon Equipment and Car Accessories","alternateName":"Fadcon Equipment and Car Accessories Limited - Supply and distribution of high quality and affordable tools & Accessories","url":"https:\/\/sylfaadytrading.com\/","logo":{"@type":"ImageObject","inLanguage":"fr-FR","@id":"https:\/\/sylfaadytrading.com\/#\/schema\/logo\/image\/","url":"https:\/\/sylfaadytrading.com\/wp-content\/uploads\/2022\/09\/Logo-WEB-FADCON-EQUIPMENT-CAR-ACCESSORIES-LTD-min.png","contentUrl":"https:\/\/sylfaadytrading.com\/wp-content\/uploads\/2022\/09\/Logo-WEB-FADCON-EQUIPMENT-CAR-ACCESSORIES-LTD-min.png","width":523,"height":292,"caption":"Fadcon Equipment and Car Accessories"},"image":{"@id":"https:\/\/sylfaadytrading.com\/#\/schema\/logo\/image\/"},"sameAs":["https:\/\/web.facebook.com\/fadconequipment","https:\/\/x.com\/fadconequipment","https:\/\/www.instagram.com\/fadconequipment\/","https:\/\/linkedin.com\/fadconequipment\/"]}]}},"_links":{"self":[{"href":"https:\/\/sylfaadytrading.com\/fr\/wp-json\/wp\/v2\/product\/3089","targetHints":{"allow":["GET"]}}],"collection":[{"href":"https:\/\/sylfaadytrading.com\/fr\/wp-json\/wp\/v2\/product"}],"about":[{"href":"https:\/\/sylfaadytrading.com\/fr\/wp-json\/wp\/v2\/types\/product"}],"replies":[{"embeddable":true,"href":"https:\/\/sylfaadytrading.com\/fr\/wp-json\/wp\/v2\/comments?post=3089"}],"wp:featuredmedia":[{"embeddable":true,"href":"https:\/\/sylfaadytrading.com\/fr\/wp-json\/wp\/v2\/media\/3091"}],"wp:attachment":[{"href":"https:\/\/sylfaadytrading.com\/fr\/wp-json\/wp\/v2\/media?parent=3089"}],"wp:term":[{"taxonomy":"product_brand","embeddable":true,"href":"https:\/\/sylfaadytrading.com\/fr\/wp-json\/wp\/v2\/product_brand?post=3089"},{"taxonomy":"product_cat","embeddable":true,"href":"https:\/\/sylfaadytrading.com\/fr\/wp-json\/wp\/v2\/product_cat?post=3089"},{"taxonomy":"product_tag","embeddable":true,"href":"https:\/\/sylfaadytrading.com\/fr\/wp-json\/wp\/v2\/product_tag?post=3089"},{"taxonomy":"our-brands","embeddable":true,"href":"https:\/\/sylfaadytrading.com\/fr\/wp-json\/wp\/v2\/our-brands?post=3089"}],"curies":[{"name":"wp","href":"https:\/\/api.w.org\/{rel}","templated":true}]}}