{"id":3116,"date":"2023-01-24T18:54:42","date_gmt":"2023-01-24T18:54:42","guid":{"rendered":"https:\/\/sylfaadytrading.com\/?post_type=product&#038;p=3116"},"modified":"2023-01-24T18:54:43","modified_gmt":"2023-01-24T18:54:43","slug":"water-pump-self-priming-jet-pump-jp15008","status":"publish","type":"product","link":"https:\/\/sylfaadytrading.com\/fr\/produit\/water-pump-self-priming-jet-pump-jp15008\/","title":{"rendered":"Pompe \u00e0 eau Pompe \u00e0 jet auto-amor\u00e7ante JP15008"},"content":{"rendered":"<p>Pompe \u00e0 eau JP15008<br \/>\nPompe \u00e0 jet auto-amor\u00e7ante<br \/>\nTension : 220-240V~50Hz<br \/>\nPuissance d&#039;entr\u00e9e\u00a0: 1\u00a0500\u00a0W (2\u00a0HP)<br \/>\nT\u00eate max.\u00a0: 60\u00a0M<br \/>\nD\u00e9bit max.:100L\/min<br \/>\nAspiration max.\u00a0: 9\u00a0M<br \/>\nDiam\u00e8tre du tuyau : 1\u2033x1\u2033<br \/>\nMoteur en fil de cuivre<br \/>\nTurbine en laiton<br \/>\nC\u00e2ble de 0,15 m de longueur<br \/>\nEmball\u00e9 par bo\u00eete en carton<\/p>","protected":false},"excerpt":{"rendered":"<p>JP15008 Water Pump Self-priming Jet Pump Voltage:220-240V~50Hz Input power:1500W(2HP) Max.head:60M Max.flow:100L\/min Max.suction:9M Pipe diameter:1&#8243;x1&#8243; Copper wire motor Brass impeller 0.15m length cable Packed by carton box<\/p>","protected":false},"featured_media":3115,"comment_status":"closed","ping_status":"closed","template":"","meta":{"rs_blank_template":"","rs_page_bg_color":"","slide_template_v7":"","_monsterinsights_skip_tracking":false,"_monsterinsights_sitenote_active":false,"_monsterinsights_sitenote_note":"","_monsterinsights_sitenote_category":0},"product_brand":[],"product_cat":[64],"product_tag":[],"our-brands":[36],"class_list":{"0":"post-3116","1":"product","2":"type-product","3":"status-publish","4":"has-post-thumbnail","6":"product_cat-water-pumps-and-plumbing","7":"our-brands-ingco-tools","9":"first","10":"instock","11":"shipping-taxable","12":"purchasable","13":"product-type-simple"},"yoast_head":"<!-- This site is optimized with the Yoast SEO Premium plugin v27.2 (Yoast SEO v27.2) - https:\/\/yoast.com\/product\/yoast-seo-premium-wordpress\/ -->\n<title>Water Pump Self-priming Jet Pump JP15008 | Fadcon Equipment and Car Accessories Limited - Supply and distribution of high quality and affordable tools &amp; Accessories<\/title>\n<meta name=\"description\" content=\"JP15008 Water Pump Self-priming Jet Pump Voltage:220-240V~50Hz Input power:1500W(2HP) Max.head:60M Max.flow:100L\/min Max.suction:9M Pipe diameter:1&quot;x1&quot;\" \/>\n<meta name=\"robots\" content=\"index, follow, max-snippet:-1, max-image-preview:large, max-video-preview:-1\" \/>\n<link rel=\"canonical\" href=\"https:\/\/sylfaadytrading.com\/fr\/produit\/water-pump-self-priming-jet-pump-jp15008\/\" \/>\n<meta property=\"og:locale\" content=\"fr_FR\" \/>\n<meta property=\"og:type\" content=\"article\" \/>\n<meta property=\"og:title\" content=\"Water Pump Self-priming Jet Pump JP15008 | Fadcon Equipment and Car Accessories Limited - Supply and distribution of high quality and affordable tools &amp; Accessories\" \/>\n<meta property=\"og:description\" content=\"JP15008 Water Pump Self-priming Jet Pump Voltage:220-240V~50Hz Input power:1500W(2HP) Max.head:60M Max.flow:100L\/min Max.suction:9M Pipe diameter:1&quot;x1&quot;\" \/>\n<meta property=\"og:url\" content=\"https:\/\/sylfaadytrading.com\/fr\/produit\/water-pump-self-priming-jet-pump-jp15008\/\" \/>\n<meta property=\"og:site_name\" content=\"Fadcon Equipment and Car Accessories Limited - Supply and distribution of high quality and affordable tools &amp; Accessories\" \/>\n<meta property=\"article:publisher\" content=\"https:\/\/web.facebook.com\/fadconequipment\" \/>\n<meta property=\"article:modified_time\" content=\"2023-01-24T18:54:43+00:00\" \/>\n<meta property=\"og:image\" content=\"https:\/\/sylfaadytrading.com\/wp-content\/uploads\/2023\/01\/JP11008-fadconequipment.jpeg\" \/>\n\t<meta property=\"og:image:width\" content=\"474\" \/>\n\t<meta property=\"og:image:height\" content=\"474\" \/>\n\t<meta property=\"og:image:type\" content=\"image\/jpeg\" \/>\n<meta name=\"twitter:card\" content=\"summary_large_image\" \/>\n<meta name=\"twitter:site\" content=\"@fadconequipment\" \/>\n<meta name=\"twitter:label1\" content=\"Dur\u00e9e de lecture estim\u00e9e\" \/>\n\t<meta name=\"twitter:data1\" content=\"1 minute\" \/>\n<script type=\"application\/ld+json\" class=\"yoast-schema-graph\">{\"@context\":\"https:\/\/schema.org\",\"@graph\":[{\"@type\":\"WebPage\",\"@id\":\"https:\/\/sylfaadytrading.com\/product\/water-pump-self-priming-jet-pump-jp15008\/\",\"url\":\"https:\/\/sylfaadytrading.com\/product\/water-pump-self-priming-jet-pump-jp15008\/\",\"name\":\"Water Pump Self-priming Jet Pump JP15008 | Fadcon Equipment and Car Accessories Limited - Supply and distribution of high quality and affordable tools &amp; Accessories\",\"isPartOf\":{\"@id\":\"https:\/\/sylfaadytrading.com\/#website\"},\"primaryImageOfPage\":{\"@id\":\"https:\/\/sylfaadytrading.com\/product\/water-pump-self-priming-jet-pump-jp15008\/#primaryimage\"},\"image\":{\"@id\":\"https:\/\/sylfaadytrading.com\/product\/water-pump-self-priming-jet-pump-jp15008\/#primaryimage\"},\"thumbnailUrl\":\"https:\/\/sylfaadytrading.com\/wp-content\/uploads\/2023\/01\/JP11008-fadconequipment.jpeg\",\"datePublished\":\"2023-01-24T18:54:42+00:00\",\"dateModified\":\"2023-01-24T18:54:43+00:00\",\"description\":\"JP15008 Water Pump Self-priming Jet Pump Voltage:220-240V~50Hz Input power:1500W(2HP) Max.head:60M Max.flow:100L\/min Max.suction:9M Pipe diameter:1\\\"x1\\\"\",\"breadcrumb\":{\"@id\":\"https:\/\/sylfaadytrading.com\/product\/water-pump-self-priming-jet-pump-jp15008\/#breadcrumb\"},\"inLanguage\":\"fr-FR\",\"potentialAction\":[{\"@type\":\"ReadAction\",\"target\":[\"https:\/\/sylfaadytrading.com\/product\/water-pump-self-priming-jet-pump-jp15008\/\"]}]},{\"@type\":\"ImageObject\",\"inLanguage\":\"fr-FR\",\"@id\":\"https:\/\/sylfaadytrading.com\/product\/water-pump-self-priming-jet-pump-jp15008\/#primaryimage\",\"url\":\"https:\/\/sylfaadytrading.com\/wp-content\/uploads\/2023\/01\/JP11008-fadconequipment.jpeg\",\"contentUrl\":\"https:\/\/sylfaadytrading.com\/wp-content\/uploads\/2023\/01\/JP11008-fadconequipment.jpeg\",\"width\":474,\"height\":474},{\"@type\":\"BreadcrumbList\",\"@id\":\"https:\/\/sylfaadytrading.com\/product\/water-pump-self-priming-jet-pump-jp15008\/#breadcrumb\",\"itemListElement\":[{\"@type\":\"ListItem\",\"position\":1,\"name\":\"Home\",\"item\":\"https:\/\/sylfaadytrading.com\/\"},{\"@type\":\"ListItem\",\"position\":2,\"name\":\"Shop\",\"item\":\"https:\/\/sylfaadytrading.com\/shop\/\"},{\"@type\":\"ListItem\",\"position\":3,\"name\":\"Water Pump Self-priming Jet Pump JP15008\"}]},{\"@type\":\"WebSite\",\"@id\":\"https:\/\/sylfaadytrading.com\/#website\",\"url\":\"https:\/\/sylfaadytrading.com\/\",\"name\":\"Fadcon Equipment and Car Accessories\",\"description\":\"We are also a major accredited distributor of INGCO Brand power tools and equipment, Bosch &amp; Total Tools\",\"publisher\":{\"@id\":\"https:\/\/sylfaadytrading.com\/#organization\"},\"alternateName\":\"Fadcon Equipment and Car Accessories Limited - Supply and distribution of high quality and affordable tools & Accessories\",\"potentialAction\":[{\"@type\":\"SearchAction\",\"target\":{\"@type\":\"EntryPoint\",\"urlTemplate\":\"https:\/\/sylfaadytrading.com\/?s={search_term_string}\"},\"query-input\":{\"@type\":\"PropertyValueSpecification\",\"valueRequired\":true,\"valueName\":\"search_term_string\"}}],\"inLanguage\":\"fr-FR\"},{\"@type\":\"Organization\",\"@id\":\"https:\/\/sylfaadytrading.com\/#organization\",\"name\":\"Fadcon Equipment and Car Accessories\",\"alternateName\":\"Fadcon Equipment and Car Accessories Limited - Supply and distribution of high quality and affordable tools & Accessories\",\"url\":\"https:\/\/sylfaadytrading.com\/\",\"logo\":{\"@type\":\"ImageObject\",\"inLanguage\":\"fr-FR\",\"@id\":\"https:\/\/sylfaadytrading.com\/#\/schema\/logo\/image\/\",\"url\":\"https:\/\/sylfaadytrading.com\/wp-content\/uploads\/2022\/09\/Logo-WEB-FADCON-EQUIPMENT-CAR-ACCESSORIES-LTD-min.png\",\"contentUrl\":\"https:\/\/sylfaadytrading.com\/wp-content\/uploads\/2022\/09\/Logo-WEB-FADCON-EQUIPMENT-CAR-ACCESSORIES-LTD-min.png\",\"width\":523,\"height\":292,\"caption\":\"Fadcon Equipment and Car Accessories\"},\"image\":{\"@id\":\"https:\/\/sylfaadytrading.com\/#\/schema\/logo\/image\/\"},\"sameAs\":[\"https:\/\/web.facebook.com\/fadconequipment\",\"https:\/\/x.com\/fadconequipment\",\"https:\/\/www.instagram.com\/fadconequipment\/\",\"https:\/\/linkedin.com\/fadconequipment\/\"]}]}<\/script>\n<!-- \/ Yoast SEO Premium plugin. -->","yoast_head_json":{"title":"Water Pump Self-priming Jet Pump JP15008 | Fadcon Equipment and Car Accessories Limited - Supply and distribution of high quality and affordable tools &amp; Accessories","description":"JP15008 Water Pump Self-priming Jet Pump Voltage:220-240V~50Hz Input power:1500W(2HP) Max.head:60M Max.flow:100L\/min Max.suction:9M Pipe diameter:1\"x1\"","robots":{"index":"index","follow":"follow","max-snippet":"max-snippet:-1","max-image-preview":"max-image-preview:large","max-video-preview":"max-video-preview:-1"},"canonical":"https:\/\/sylfaadytrading.com\/fr\/produit\/water-pump-self-priming-jet-pump-jp15008\/","og_locale":"fr_FR","og_type":"article","og_title":"Water Pump Self-priming Jet Pump JP15008 | Fadcon Equipment and Car Accessories Limited - Supply and distribution of high quality and affordable tools &amp; Accessories","og_description":"JP15008 Water Pump Self-priming Jet Pump Voltage:220-240V~50Hz Input power:1500W(2HP) Max.head:60M Max.flow:100L\/min Max.suction:9M Pipe diameter:1\"x1\"","og_url":"https:\/\/sylfaadytrading.com\/fr\/produit\/water-pump-self-priming-jet-pump-jp15008\/","og_site_name":"Fadcon Equipment and Car Accessories Limited - Supply and distribution of high quality and affordable tools &amp; Accessories","article_publisher":"https:\/\/web.facebook.com\/fadconequipment","article_modified_time":"2023-01-24T18:54:43+00:00","og_image":[{"width":474,"height":474,"url":"https:\/\/sylfaadytrading.com\/wp-content\/uploads\/2023\/01\/JP11008-fadconequipment.jpeg","type":"image\/jpeg"}],"twitter_card":"summary_large_image","twitter_site":"@fadconequipment","twitter_misc":{"Dur\u00e9e de lecture estim\u00e9e":"1 minute"},"schema":{"@context":"https:\/\/schema.org","@graph":[{"@type":"WebPage","@id":"https:\/\/sylfaadytrading.com\/product\/water-pump-self-priming-jet-pump-jp15008\/","url":"https:\/\/sylfaadytrading.com\/product\/water-pump-self-priming-jet-pump-jp15008\/","name":"Water Pump Self-priming Jet Pump JP15008 | Fadcon Equipment and Car Accessories Limited - Supply and distribution of high quality and affordable tools &amp; Accessories","isPartOf":{"@id":"https:\/\/sylfaadytrading.com\/#website"},"primaryImageOfPage":{"@id":"https:\/\/sylfaadytrading.com\/product\/water-pump-self-priming-jet-pump-jp15008\/#primaryimage"},"image":{"@id":"https:\/\/sylfaadytrading.com\/product\/water-pump-self-priming-jet-pump-jp15008\/#primaryimage"},"thumbnailUrl":"https:\/\/sylfaadytrading.com\/wp-content\/uploads\/2023\/01\/JP11008-fadconequipment.jpeg","datePublished":"2023-01-24T18:54:42+00:00","dateModified":"2023-01-24T18:54:43+00:00","description":"JP15008 Water Pump Self-priming Jet Pump Voltage:220-240V~50Hz Input power:1500W(2HP) Max.head:60M Max.flow:100L\/min Max.suction:9M Pipe diameter:1\"x1\"","breadcrumb":{"@id":"https:\/\/sylfaadytrading.com\/product\/water-pump-self-priming-jet-pump-jp15008\/#breadcrumb"},"inLanguage":"fr-FR","potentialAction":[{"@type":"ReadAction","target":["https:\/\/sylfaadytrading.com\/product\/water-pump-self-priming-jet-pump-jp15008\/"]}]},{"@type":"ImageObject","inLanguage":"fr-FR","@id":"https:\/\/sylfaadytrading.com\/product\/water-pump-self-priming-jet-pump-jp15008\/#primaryimage","url":"https:\/\/sylfaadytrading.com\/wp-content\/uploads\/2023\/01\/JP11008-fadconequipment.jpeg","contentUrl":"https:\/\/sylfaadytrading.com\/wp-content\/uploads\/2023\/01\/JP11008-fadconequipment.jpeg","width":474,"height":474},{"@type":"BreadcrumbList","@id":"https:\/\/sylfaadytrading.com\/product\/water-pump-self-priming-jet-pump-jp15008\/#breadcrumb","itemListElement":[{"@type":"ListItem","position":1,"name":"Home","item":"https:\/\/sylfaadytrading.com\/"},{"@type":"ListItem","position":2,"name":"Shop","item":"https:\/\/sylfaadytrading.com\/shop\/"},{"@type":"ListItem","position":3,"name":"Water Pump Self-priming Jet Pump JP15008"}]},{"@type":"WebSite","@id":"https:\/\/sylfaadytrading.com\/#website","url":"https:\/\/sylfaadytrading.com\/","name":"Fadcon Equipment and Car Accessories","description":"We are also a major accredited distributor of INGCO Brand power tools and equipment, Bosch &amp; Total Tools","publisher":{"@id":"https:\/\/sylfaadytrading.com\/#organization"},"alternateName":"Fadcon Equipment and Car Accessories Limited - Supply and distribution of high quality and affordable tools & Accessories","potentialAction":[{"@type":"SearchAction","target":{"@type":"EntryPoint","urlTemplate":"https:\/\/sylfaadytrading.com\/?s={search_term_string}"},"query-input":{"@type":"PropertyValueSpecification","valueRequired":true,"valueName":"search_term_string"}}],"inLanguage":"fr-FR"},{"@type":"Organization","@id":"https:\/\/sylfaadytrading.com\/#organization","name":"Fadcon Equipment and Car Accessories","alternateName":"Fadcon Equipment and Car Accessories Limited - Supply and distribution of high quality and affordable tools & Accessories","url":"https:\/\/sylfaadytrading.com\/","logo":{"@type":"ImageObject","inLanguage":"fr-FR","@id":"https:\/\/sylfaadytrading.com\/#\/schema\/logo\/image\/","url":"https:\/\/sylfaadytrading.com\/wp-content\/uploads\/2022\/09\/Logo-WEB-FADCON-EQUIPMENT-CAR-ACCESSORIES-LTD-min.png","contentUrl":"https:\/\/sylfaadytrading.com\/wp-content\/uploads\/2022\/09\/Logo-WEB-FADCON-EQUIPMENT-CAR-ACCESSORIES-LTD-min.png","width":523,"height":292,"caption":"Fadcon Equipment and Car Accessories"},"image":{"@id":"https:\/\/sylfaadytrading.com\/#\/schema\/logo\/image\/"},"sameAs":["https:\/\/web.facebook.com\/fadconequipment","https:\/\/x.com\/fadconequipment","https:\/\/www.instagram.com\/fadconequipment\/","https:\/\/linkedin.com\/fadconequipment\/"]}]}},"_links":{"self":[{"href":"https:\/\/sylfaadytrading.com\/fr\/wp-json\/wp\/v2\/product\/3116","targetHints":{"allow":["GET"]}}],"collection":[{"href":"https:\/\/sylfaadytrading.com\/fr\/wp-json\/wp\/v2\/product"}],"about":[{"href":"https:\/\/sylfaadytrading.com\/fr\/wp-json\/wp\/v2\/types\/product"}],"replies":[{"embeddable":true,"href":"https:\/\/sylfaadytrading.com\/fr\/wp-json\/wp\/v2\/comments?post=3116"}],"wp:featuredmedia":[{"embeddable":true,"href":"https:\/\/sylfaadytrading.com\/fr\/wp-json\/wp\/v2\/media\/3115"}],"wp:attachment":[{"href":"https:\/\/sylfaadytrading.com\/fr\/wp-json\/wp\/v2\/media?parent=3116"}],"wp:term":[{"taxonomy":"product_brand","embeddable":true,"href":"https:\/\/sylfaadytrading.com\/fr\/wp-json\/wp\/v2\/product_brand?post=3116"},{"taxonomy":"product_cat","embeddable":true,"href":"https:\/\/sylfaadytrading.com\/fr\/wp-json\/wp\/v2\/product_cat?post=3116"},{"taxonomy":"product_tag","embeddable":true,"href":"https:\/\/sylfaadytrading.com\/fr\/wp-json\/wp\/v2\/product_tag?post=3116"},{"taxonomy":"our-brands","embeddable":true,"href":"https:\/\/sylfaadytrading.com\/fr\/wp-json\/wp\/v2\/our-brands?post=3116"}],"curies":[{"name":"wp","href":"https:\/\/api.w.org\/{rel}","templated":true}]}}