{"id":3242,"date":"2023-02-03T16:04:10","date_gmt":"2023-02-03T16:04:10","guid":{"rendered":"https:\/\/sylfaadytrading.com\/?post_type=product&#038;p=3242"},"modified":"2023-02-03T16:04:10","modified_gmt":"2023-02-03T16:04:10","slug":"gasoline-generator-ge75006","status":"publish","type":"product","link":"https:\/\/sylfaadytrading.com\/fr\/produit\/gasoline-generator-ge75006\/","title":{"rendered":"G\u00e9n\u00e9rateur d&#039;essence GE75006"},"content":{"rendered":"<p>G\u00e9n\u00e9rateur d&#039;essence GE75006<br \/>\nTension nominale (V):220-240<br \/>\nFr\u00e9quence nominale (Hz): 50<br \/>\nMax<br \/>\n\u3002sortie (kW):7.5<br \/>\nPuissance nominale (kW):6.0<br \/>\nVitesse nominale (tr\/min):3000<br \/>\nMoteur : 4 temps, OHV<br \/>\nD\u00e9placement(ml):420<br \/>\nSyst\u00e8me de refroidissement\u00a0: refroidi par air<br \/>\nSyst\u00e8me d&#039;allumage : TCI<br \/>\nSyst\u00e8me de d\u00e9marrage : recul + \u00e9lectrique<br \/>\nAlternateur en fil de cuivre<br \/>\nR\u00e9servoir de carburant (L):25<br \/>\nPoids \u00e0 sec (Kg):88<br \/>\nAvec 1 poign\u00e9e auxiliaire et roues<br \/>\nEmball\u00e9 par bo\u00eete en carton<\/p>","protected":false},"excerpt":{"rendered":"<p>GE75006 Gasoline generator Rated voltage(V):220-240 Rated frequency(Hz):50 Max \u3002output(kW):7.5 Rated output(kW):6.0 Rated speed(rpm):3000 Engine:4 stroke,OHV Displacement(ml):420 Cooling system:Air-cooled Ignition system:T.C.I Starting system:Recoil+Electric Copper wire alternator Fuel tank(L):25 Dry weight(Kg):88 With 1 set auxiliary handle and wheels Packed by carton box<\/p>","protected":false},"featured_media":3244,"comment_status":"closed","ping_status":"closed","template":"","meta":{"rs_blank_template":"","rs_page_bg_color":"","slide_template_v7":"","_monsterinsights_skip_tracking":false,"_monsterinsights_sitenote_active":false,"_monsterinsights_sitenote_note":"","_monsterinsights_sitenote_category":0},"product_brand":[],"product_cat":[57],"product_tag":[],"our-brands":[36],"class_list":{"0":"post-3242","1":"product","2":"type-product","3":"status-publish","4":"has-post-thumbnail","6":"product_cat-power-generator","7":"our-brands-ingco-tools","9":"first","10":"instock","11":"shipping-taxable","12":"purchasable","13":"product-type-simple"},"yoast_head":"<!-- This site is optimized with the Yoast SEO Premium plugin v27.2 (Yoast SEO v27.2) - https:\/\/yoast.com\/product\/yoast-seo-premium-wordpress\/ -->\n<title>Gasoline generator GE75006 | Fadcon Equipment and Car Accessories Limited - Supply and distribution of high quality and affordable tools &amp; Accessories<\/title>\n<meta name=\"description\" content=\"GE75006 Gasoline generator Rated voltage(V):220-240 Rated frequency(Hz):50 Max \u3002output(kW):7.5 Rated output(kW):6.0 Rated speed(rpm):3000 Engine:4\" \/>\n<meta name=\"robots\" content=\"index, follow, max-snippet:-1, max-image-preview:large, max-video-preview:-1\" \/>\n<link rel=\"canonical\" href=\"https:\/\/sylfaadytrading.com\/fr\/produit\/gasoline-generator-ge75006\/\" \/>\n<meta property=\"og:locale\" content=\"fr_FR\" \/>\n<meta property=\"og:type\" content=\"article\" \/>\n<meta property=\"og:title\" content=\"Gasoline generator GE75006 | Fadcon Equipment and Car Accessories Limited - Supply and distribution of high quality and affordable tools &amp; Accessories\" \/>\n<meta property=\"og:description\" content=\"GE75006 Gasoline generator Rated voltage(V):220-240 Rated frequency(Hz):50 Max \u3002output(kW):7.5 Rated output(kW):6.0 Rated speed(rpm):3000 Engine:4\" \/>\n<meta property=\"og:url\" content=\"https:\/\/sylfaadytrading.com\/fr\/produit\/gasoline-generator-ge75006\/\" \/>\n<meta property=\"og:site_name\" content=\"Fadcon Equipment and Car Accessories Limited - Supply and distribution of high quality and affordable tools &amp; Accessories\" \/>\n<meta property=\"article:publisher\" content=\"https:\/\/web.facebook.com\/fadconequipment\" \/>\n<meta property=\"og:image\" content=\"https:\/\/sylfaadytrading.com\/wp-content\/uploads\/2023\/02\/power-generator-ingco-fadcon-equipment.jpeg\" \/>\n\t<meta property=\"og:image:width\" content=\"300\" \/>\n\t<meta property=\"og:image:height\" content=\"300\" \/>\n\t<meta property=\"og:image:type\" content=\"image\/jpeg\" \/>\n<meta name=\"twitter:card\" content=\"summary_large_image\" \/>\n<meta name=\"twitter:site\" content=\"@fadconequipment\" \/>\n<meta name=\"twitter:label1\" content=\"Dur\u00e9e de lecture estim\u00e9e\" \/>\n\t<meta name=\"twitter:data1\" content=\"1 minute\" \/>\n<script type=\"application\/ld+json\" class=\"yoast-schema-graph\">{\"@context\":\"https:\/\/schema.org\",\"@graph\":[{\"@type\":\"WebPage\",\"@id\":\"https:\/\/sylfaadytrading.com\/product\/gasoline-generator-ge75006\/\",\"url\":\"https:\/\/sylfaadytrading.com\/product\/gasoline-generator-ge75006\/\",\"name\":\"Gasoline generator GE75006 | Fadcon Equipment and Car Accessories Limited - Supply and distribution of high quality and affordable tools &amp; Accessories\",\"isPartOf\":{\"@id\":\"https:\/\/sylfaadytrading.com\/#website\"},\"primaryImageOfPage\":{\"@id\":\"https:\/\/sylfaadytrading.com\/product\/gasoline-generator-ge75006\/#primaryimage\"},\"image\":{\"@id\":\"https:\/\/sylfaadytrading.com\/product\/gasoline-generator-ge75006\/#primaryimage\"},\"thumbnailUrl\":\"https:\/\/sylfaadytrading.com\/wp-content\/uploads\/2023\/02\/power-generator-ingco-fadcon-equipment.jpeg\",\"datePublished\":\"2023-02-03T16:04:10+00:00\",\"description\":\"GE75006 Gasoline generator Rated voltage(V):220-240 Rated frequency(Hz):50 Max \u3002output(kW):7.5 Rated output(kW):6.0 Rated speed(rpm):3000 Engine:4\",\"breadcrumb\":{\"@id\":\"https:\/\/sylfaadytrading.com\/product\/gasoline-generator-ge75006\/#breadcrumb\"},\"inLanguage\":\"fr-FR\",\"potentialAction\":[{\"@type\":\"ReadAction\",\"target\":[\"https:\/\/sylfaadytrading.com\/product\/gasoline-generator-ge75006\/\"]}]},{\"@type\":\"ImageObject\",\"inLanguage\":\"fr-FR\",\"@id\":\"https:\/\/sylfaadytrading.com\/product\/gasoline-generator-ge75006\/#primaryimage\",\"url\":\"https:\/\/sylfaadytrading.com\/wp-content\/uploads\/2023\/02\/power-generator-ingco-fadcon-equipment.jpeg\",\"contentUrl\":\"https:\/\/sylfaadytrading.com\/wp-content\/uploads\/2023\/02\/power-generator-ingco-fadcon-equipment.jpeg\",\"width\":300,\"height\":300},{\"@type\":\"BreadcrumbList\",\"@id\":\"https:\/\/sylfaadytrading.com\/product\/gasoline-generator-ge75006\/#breadcrumb\",\"itemListElement\":[{\"@type\":\"ListItem\",\"position\":1,\"name\":\"Home\",\"item\":\"https:\/\/sylfaadytrading.com\/\"},{\"@type\":\"ListItem\",\"position\":2,\"name\":\"Shop\",\"item\":\"https:\/\/sylfaadytrading.com\/shop\/\"},{\"@type\":\"ListItem\",\"position\":3,\"name\":\"Gasoline generator GE75006\"}]},{\"@type\":\"WebSite\",\"@id\":\"https:\/\/sylfaadytrading.com\/#website\",\"url\":\"https:\/\/sylfaadytrading.com\/\",\"name\":\"Fadcon Equipment and Car Accessories\",\"description\":\"We are also a major accredited distributor of INGCO Brand power tools and equipment, Bosch &amp; Total Tools\",\"publisher\":{\"@id\":\"https:\/\/sylfaadytrading.com\/#organization\"},\"alternateName\":\"Fadcon Equipment and Car Accessories Limited - Supply and distribution of high quality and affordable tools & Accessories\",\"potentialAction\":[{\"@type\":\"SearchAction\",\"target\":{\"@type\":\"EntryPoint\",\"urlTemplate\":\"https:\/\/sylfaadytrading.com\/?s={search_term_string}\"},\"query-input\":{\"@type\":\"PropertyValueSpecification\",\"valueRequired\":true,\"valueName\":\"search_term_string\"}}],\"inLanguage\":\"fr-FR\"},{\"@type\":\"Organization\",\"@id\":\"https:\/\/sylfaadytrading.com\/#organization\",\"name\":\"Fadcon Equipment and Car Accessories\",\"alternateName\":\"Fadcon Equipment and Car Accessories Limited - Supply and distribution of high quality and affordable tools & Accessories\",\"url\":\"https:\/\/sylfaadytrading.com\/\",\"logo\":{\"@type\":\"ImageObject\",\"inLanguage\":\"fr-FR\",\"@id\":\"https:\/\/sylfaadytrading.com\/#\/schema\/logo\/image\/\",\"url\":\"https:\/\/sylfaadytrading.com\/wp-content\/uploads\/2022\/09\/Logo-WEB-FADCON-EQUIPMENT-CAR-ACCESSORIES-LTD-min.png\",\"contentUrl\":\"https:\/\/sylfaadytrading.com\/wp-content\/uploads\/2022\/09\/Logo-WEB-FADCON-EQUIPMENT-CAR-ACCESSORIES-LTD-min.png\",\"width\":523,\"height\":292,\"caption\":\"Fadcon Equipment and Car Accessories\"},\"image\":{\"@id\":\"https:\/\/sylfaadytrading.com\/#\/schema\/logo\/image\/\"},\"sameAs\":[\"https:\/\/web.facebook.com\/fadconequipment\",\"https:\/\/x.com\/fadconequipment\",\"https:\/\/www.instagram.com\/fadconequipment\/\",\"https:\/\/linkedin.com\/fadconequipment\/\"]}]}<\/script>\n<!-- \/ Yoast SEO Premium plugin. -->","yoast_head_json":{"title":"Gasoline generator GE75006 | Fadcon Equipment and Car Accessories Limited - Supply and distribution of high quality and affordable tools &amp; Accessories","description":"GE75006 Gasoline generator Rated voltage(V):220-240 Rated frequency(Hz):50 Max \u3002output(kW):7.5 Rated output(kW):6.0 Rated speed(rpm):3000 Engine:4","robots":{"index":"index","follow":"follow","max-snippet":"max-snippet:-1","max-image-preview":"max-image-preview:large","max-video-preview":"max-video-preview:-1"},"canonical":"https:\/\/sylfaadytrading.com\/fr\/produit\/gasoline-generator-ge75006\/","og_locale":"fr_FR","og_type":"article","og_title":"Gasoline generator GE75006 | Fadcon Equipment and Car Accessories Limited - Supply and distribution of high quality and affordable tools &amp; Accessories","og_description":"GE75006 Gasoline generator Rated voltage(V):220-240 Rated frequency(Hz):50 Max \u3002output(kW):7.5 Rated output(kW):6.0 Rated speed(rpm):3000 Engine:4","og_url":"https:\/\/sylfaadytrading.com\/fr\/produit\/gasoline-generator-ge75006\/","og_site_name":"Fadcon Equipment and Car Accessories Limited - Supply and distribution of high quality and affordable tools &amp; Accessories","article_publisher":"https:\/\/web.facebook.com\/fadconequipment","og_image":[{"width":300,"height":300,"url":"https:\/\/sylfaadytrading.com\/wp-content\/uploads\/2023\/02\/power-generator-ingco-fadcon-equipment.jpeg","type":"image\/jpeg"}],"twitter_card":"summary_large_image","twitter_site":"@fadconequipment","twitter_misc":{"Dur\u00e9e de lecture estim\u00e9e":"1 minute"},"schema":{"@context":"https:\/\/schema.org","@graph":[{"@type":"WebPage","@id":"https:\/\/sylfaadytrading.com\/product\/gasoline-generator-ge75006\/","url":"https:\/\/sylfaadytrading.com\/product\/gasoline-generator-ge75006\/","name":"Gasoline generator GE75006 | Fadcon Equipment and Car Accessories Limited - Supply and distribution of high quality and affordable tools &amp; Accessories","isPartOf":{"@id":"https:\/\/sylfaadytrading.com\/#website"},"primaryImageOfPage":{"@id":"https:\/\/sylfaadytrading.com\/product\/gasoline-generator-ge75006\/#primaryimage"},"image":{"@id":"https:\/\/sylfaadytrading.com\/product\/gasoline-generator-ge75006\/#primaryimage"},"thumbnailUrl":"https:\/\/sylfaadytrading.com\/wp-content\/uploads\/2023\/02\/power-generator-ingco-fadcon-equipment.jpeg","datePublished":"2023-02-03T16:04:10+00:00","description":"GE75006 Gasoline generator Rated voltage(V):220-240 Rated frequency(Hz):50 Max \u3002output(kW):7.5 Rated output(kW):6.0 Rated speed(rpm):3000 Engine:4","breadcrumb":{"@id":"https:\/\/sylfaadytrading.com\/product\/gasoline-generator-ge75006\/#breadcrumb"},"inLanguage":"fr-FR","potentialAction":[{"@type":"ReadAction","target":["https:\/\/sylfaadytrading.com\/product\/gasoline-generator-ge75006\/"]}]},{"@type":"ImageObject","inLanguage":"fr-FR","@id":"https:\/\/sylfaadytrading.com\/product\/gasoline-generator-ge75006\/#primaryimage","url":"https:\/\/sylfaadytrading.com\/wp-content\/uploads\/2023\/02\/power-generator-ingco-fadcon-equipment.jpeg","contentUrl":"https:\/\/sylfaadytrading.com\/wp-content\/uploads\/2023\/02\/power-generator-ingco-fadcon-equipment.jpeg","width":300,"height":300},{"@type":"BreadcrumbList","@id":"https:\/\/sylfaadytrading.com\/product\/gasoline-generator-ge75006\/#breadcrumb","itemListElement":[{"@type":"ListItem","position":1,"name":"Home","item":"https:\/\/sylfaadytrading.com\/"},{"@type":"ListItem","position":2,"name":"Shop","item":"https:\/\/sylfaadytrading.com\/shop\/"},{"@type":"ListItem","position":3,"name":"Gasoline generator GE75006"}]},{"@type":"WebSite","@id":"https:\/\/sylfaadytrading.com\/#website","url":"https:\/\/sylfaadytrading.com\/","name":"Fadcon Equipment and Car Accessories","description":"We are also a major accredited distributor of INGCO Brand power tools and equipment, Bosch &amp; Total Tools","publisher":{"@id":"https:\/\/sylfaadytrading.com\/#organization"},"alternateName":"Fadcon Equipment and Car Accessories Limited - Supply and distribution of high quality and affordable tools & Accessories","potentialAction":[{"@type":"SearchAction","target":{"@type":"EntryPoint","urlTemplate":"https:\/\/sylfaadytrading.com\/?s={search_term_string}"},"query-input":{"@type":"PropertyValueSpecification","valueRequired":true,"valueName":"search_term_string"}}],"inLanguage":"fr-FR"},{"@type":"Organization","@id":"https:\/\/sylfaadytrading.com\/#organization","name":"Fadcon Equipment and Car Accessories","alternateName":"Fadcon Equipment and Car Accessories Limited - Supply and distribution of high quality and affordable tools & Accessories","url":"https:\/\/sylfaadytrading.com\/","logo":{"@type":"ImageObject","inLanguage":"fr-FR","@id":"https:\/\/sylfaadytrading.com\/#\/schema\/logo\/image\/","url":"https:\/\/sylfaadytrading.com\/wp-content\/uploads\/2022\/09\/Logo-WEB-FADCON-EQUIPMENT-CAR-ACCESSORIES-LTD-min.png","contentUrl":"https:\/\/sylfaadytrading.com\/wp-content\/uploads\/2022\/09\/Logo-WEB-FADCON-EQUIPMENT-CAR-ACCESSORIES-LTD-min.png","width":523,"height":292,"caption":"Fadcon Equipment and Car Accessories"},"image":{"@id":"https:\/\/sylfaadytrading.com\/#\/schema\/logo\/image\/"},"sameAs":["https:\/\/web.facebook.com\/fadconequipment","https:\/\/x.com\/fadconequipment","https:\/\/www.instagram.com\/fadconequipment\/","https:\/\/linkedin.com\/fadconequipment\/"]}]}},"_links":{"self":[{"href":"https:\/\/sylfaadytrading.com\/fr\/wp-json\/wp\/v2\/product\/3242","targetHints":{"allow":["GET"]}}],"collection":[{"href":"https:\/\/sylfaadytrading.com\/fr\/wp-json\/wp\/v2\/product"}],"about":[{"href":"https:\/\/sylfaadytrading.com\/fr\/wp-json\/wp\/v2\/types\/product"}],"replies":[{"embeddable":true,"href":"https:\/\/sylfaadytrading.com\/fr\/wp-json\/wp\/v2\/comments?post=3242"}],"wp:featuredmedia":[{"embeddable":true,"href":"https:\/\/sylfaadytrading.com\/fr\/wp-json\/wp\/v2\/media\/3244"}],"wp:attachment":[{"href":"https:\/\/sylfaadytrading.com\/fr\/wp-json\/wp\/v2\/media?parent=3242"}],"wp:term":[{"taxonomy":"product_brand","embeddable":true,"href":"https:\/\/sylfaadytrading.com\/fr\/wp-json\/wp\/v2\/product_brand?post=3242"},{"taxonomy":"product_cat","embeddable":true,"href":"https:\/\/sylfaadytrading.com\/fr\/wp-json\/wp\/v2\/product_cat?post=3242"},{"taxonomy":"product_tag","embeddable":true,"href":"https:\/\/sylfaadytrading.com\/fr\/wp-json\/wp\/v2\/product_tag?post=3242"},{"taxonomy":"our-brands","embeddable":true,"href":"https:\/\/sylfaadytrading.com\/fr\/wp-json\/wp\/v2\/our-brands?post=3242"}],"curies":[{"name":"wp","href":"https:\/\/api.w.org\/{rel}","templated":true}]}}