{"id":3245,"date":"2023-02-03T16:08:03","date_gmt":"2023-02-03T16:08:03","guid":{"rendered":"https:\/\/sylfaadytrading.com\/?post_type=product&#038;p=3245"},"modified":"2023-02-03T16:09:21","modified_gmt":"2023-02-03T16:09:21","slug":"diesel-generator-gde30001","status":"publish","type":"product","link":"https:\/\/sylfaadytrading.com\/fr\/produit\/diesel-generator-gde30001\/","title":{"rendered":"G\u00e9n\u00e9rateur diesel GDE30001"},"content":{"rendered":"<p>G\u00e9n\u00e9rateur diesel GDE30001<br \/>\nTension nominale (V):220-240<br \/>\nFr\u00e9quence nominale (Hz): 50<br \/>\nPhase:Simple<br \/>\nSortie max.(kW):3.0<br \/>\nPuissance nominale (kW):2.8<br \/>\nVitesse nominale (tr\/min):3000<br \/>\nMoteur : Diesel 5,7 CV<br \/>\nD\u00e9placement(ml):296<br \/>\nSyst\u00e8me de refroidissement\u00a0: refroidi par air<br \/>\nSyst\u00e8me de d\u00e9marrage : recul<br \/>\nAlternateur \u00e0 bobine de cuivre<br \/>\nR\u00e9servoir de carburant (L):15<br \/>\nPoids \u00e0 sec (Kg):67<br \/>\nAvec 1 poign\u00e9e auxiliaire et roues<br \/>\nEmball\u00e9 par bo\u00eete en carton<\/p>","protected":false},"excerpt":{"rendered":"<p>GDE30001 Diesel generator Rated voltage(V):220-240 Rated frequency(Hz):50 Phase:Single Max.output(kW):3.0 Rated output(kW):2.8 Rated speed(rpm):3000 Engine:Diesel 5.7HP Displacement(ml):296 Cooling system:Air-cooled Starting system:Recoil Copper coil alternator Fuel tank(L):15 Dry weight(Kg):67 With 1 set auxiliary handle and wheels Packed by carton box<\/p>","protected":false},"featured_media":3247,"comment_status":"closed","ping_status":"closed","template":"","meta":{"rs_blank_template":"","rs_page_bg_color":"","slide_template_v7":"","_monsterinsights_skip_tracking":false,"_monsterinsights_sitenote_active":false,"_monsterinsights_sitenote_note":"","_monsterinsights_sitenote_category":0},"product_brand":[],"product_cat":[57],"product_tag":[],"our-brands":[36],"class_list":{"0":"post-3245","1":"product","2":"type-product","3":"status-publish","4":"has-post-thumbnail","6":"product_cat-power-generator","7":"our-brands-ingco-tools","9":"first","10":"instock","11":"shipping-taxable","12":"purchasable","13":"product-type-simple"},"yoast_head":"<!-- This site is optimized with the Yoast SEO Premium plugin v27.2 (Yoast SEO v27.2) - https:\/\/yoast.com\/product\/yoast-seo-premium-wordpress\/ -->\n<title>Diesel generator GDE30001 | Fadcon Equipment and Car Accessories Limited - Supply and distribution of high quality and affordable tools &amp; Accessories<\/title>\n<meta name=\"description\" content=\"GDE30001 Diesel generator Rated voltage(V):220-240 Rated frequency(Hz):50 Phase:Single Max.output(kW):3.0 Rated output(kW):2.8 Rated speed(rpm):3000\" \/>\n<meta name=\"robots\" content=\"index, follow, max-snippet:-1, max-image-preview:large, max-video-preview:-1\" \/>\n<link rel=\"canonical\" href=\"https:\/\/sylfaadytrading.com\/fr\/produit\/diesel-generator-gde30001\/\" \/>\n<meta property=\"og:locale\" content=\"fr_FR\" \/>\n<meta property=\"og:type\" content=\"article\" \/>\n<meta property=\"og:title\" content=\"Diesel generator GDE30001 | Fadcon Equipment and Car Accessories Limited - Supply and distribution of high quality and affordable tools &amp; Accessories\" \/>\n<meta property=\"og:description\" content=\"GDE30001 Diesel generator Rated voltage(V):220-240 Rated frequency(Hz):50 Phase:Single Max.output(kW):3.0 Rated output(kW):2.8 Rated speed(rpm):3000\" \/>\n<meta property=\"og:url\" content=\"https:\/\/sylfaadytrading.com\/fr\/produit\/diesel-generator-gde30001\/\" \/>\n<meta property=\"og:site_name\" content=\"Fadcon Equipment and Car Accessories Limited - Supply and distribution of high quality and affordable tools &amp; Accessories\" \/>\n<meta property=\"article:publisher\" content=\"https:\/\/web.facebook.com\/fadconequipment\" \/>\n<meta property=\"article:modified_time\" content=\"2023-02-03T16:09:21+00:00\" \/>\n<meta property=\"og:image\" content=\"https:\/\/sylfaadytrading.com\/wp-content\/uploads\/2023\/02\/GDE30001-generator-in-accra.jpg\" \/>\n\t<meta property=\"og:image:width\" content=\"1003\" \/>\n\t<meta property=\"og:image:height\" content=\"1003\" \/>\n\t<meta property=\"og:image:type\" content=\"image\/jpeg\" \/>\n<meta name=\"twitter:card\" content=\"summary_large_image\" \/>\n<meta name=\"twitter:site\" content=\"@fadconequipment\" \/>\n<meta name=\"twitter:label1\" content=\"Dur\u00e9e de lecture estim\u00e9e\" \/>\n\t<meta name=\"twitter:data1\" content=\"1 minute\" \/>\n<script type=\"application\/ld+json\" class=\"yoast-schema-graph\">{\"@context\":\"https:\/\/schema.org\",\"@graph\":[{\"@type\":\"WebPage\",\"@id\":\"https:\/\/sylfaadytrading.com\/product\/diesel-generator-gde30001\/\",\"url\":\"https:\/\/sylfaadytrading.com\/product\/diesel-generator-gde30001\/\",\"name\":\"Diesel generator GDE30001 | Fadcon Equipment and Car Accessories Limited - Supply and distribution of high quality and affordable tools &amp; Accessories\",\"isPartOf\":{\"@id\":\"https:\/\/sylfaadytrading.com\/#website\"},\"primaryImageOfPage\":{\"@id\":\"https:\/\/sylfaadytrading.com\/product\/diesel-generator-gde30001\/#primaryimage\"},\"image\":{\"@id\":\"https:\/\/sylfaadytrading.com\/product\/diesel-generator-gde30001\/#primaryimage\"},\"thumbnailUrl\":\"https:\/\/sylfaadytrading.com\/wp-content\/uploads\/2023\/02\/GDE30001-generator-in-accra.jpg\",\"datePublished\":\"2023-02-03T16:08:03+00:00\",\"dateModified\":\"2023-02-03T16:09:21+00:00\",\"description\":\"GDE30001 Diesel generator Rated voltage(V):220-240 Rated frequency(Hz):50 Phase:Single Max.output(kW):3.0 Rated output(kW):2.8 Rated speed(rpm):3000\",\"breadcrumb\":{\"@id\":\"https:\/\/sylfaadytrading.com\/product\/diesel-generator-gde30001\/#breadcrumb\"},\"inLanguage\":\"fr-FR\",\"potentialAction\":[{\"@type\":\"ReadAction\",\"target\":[\"https:\/\/sylfaadytrading.com\/product\/diesel-generator-gde30001\/\"]}]},{\"@type\":\"ImageObject\",\"inLanguage\":\"fr-FR\",\"@id\":\"https:\/\/sylfaadytrading.com\/product\/diesel-generator-gde30001\/#primaryimage\",\"url\":\"https:\/\/sylfaadytrading.com\/wp-content\/uploads\/2023\/02\/GDE30001-generator-in-accra.jpg\",\"contentUrl\":\"https:\/\/sylfaadytrading.com\/wp-content\/uploads\/2023\/02\/GDE30001-generator-in-accra.jpg\",\"width\":1003,\"height\":1003},{\"@type\":\"BreadcrumbList\",\"@id\":\"https:\/\/sylfaadytrading.com\/product\/diesel-generator-gde30001\/#breadcrumb\",\"itemListElement\":[{\"@type\":\"ListItem\",\"position\":1,\"name\":\"Home\",\"item\":\"https:\/\/sylfaadytrading.com\/\"},{\"@type\":\"ListItem\",\"position\":2,\"name\":\"Shop\",\"item\":\"https:\/\/sylfaadytrading.com\/shop\/\"},{\"@type\":\"ListItem\",\"position\":3,\"name\":\"Diesel generator GDE30001\"}]},{\"@type\":\"WebSite\",\"@id\":\"https:\/\/sylfaadytrading.com\/#website\",\"url\":\"https:\/\/sylfaadytrading.com\/\",\"name\":\"Fadcon Equipment and Car Accessories\",\"description\":\"We are also a major accredited distributor of INGCO Brand power tools and equipment, Bosch &amp; Total Tools\",\"publisher\":{\"@id\":\"https:\/\/sylfaadytrading.com\/#organization\"},\"alternateName\":\"Fadcon Equipment and Car Accessories Limited - Supply and distribution of high quality and affordable tools & Accessories\",\"potentialAction\":[{\"@type\":\"SearchAction\",\"target\":{\"@type\":\"EntryPoint\",\"urlTemplate\":\"https:\/\/sylfaadytrading.com\/?s={search_term_string}\"},\"query-input\":{\"@type\":\"PropertyValueSpecification\",\"valueRequired\":true,\"valueName\":\"search_term_string\"}}],\"inLanguage\":\"fr-FR\"},{\"@type\":\"Organization\",\"@id\":\"https:\/\/sylfaadytrading.com\/#organization\",\"name\":\"Fadcon Equipment and Car Accessories\",\"alternateName\":\"Fadcon Equipment and Car Accessories Limited - Supply and distribution of high quality and affordable tools & Accessories\",\"url\":\"https:\/\/sylfaadytrading.com\/\",\"logo\":{\"@type\":\"ImageObject\",\"inLanguage\":\"fr-FR\",\"@id\":\"https:\/\/sylfaadytrading.com\/#\/schema\/logo\/image\/\",\"url\":\"https:\/\/sylfaadytrading.com\/wp-content\/uploads\/2022\/09\/Logo-WEB-FADCON-EQUIPMENT-CAR-ACCESSORIES-LTD-min.png\",\"contentUrl\":\"https:\/\/sylfaadytrading.com\/wp-content\/uploads\/2022\/09\/Logo-WEB-FADCON-EQUIPMENT-CAR-ACCESSORIES-LTD-min.png\",\"width\":523,\"height\":292,\"caption\":\"Fadcon Equipment and Car Accessories\"},\"image\":{\"@id\":\"https:\/\/sylfaadytrading.com\/#\/schema\/logo\/image\/\"},\"sameAs\":[\"https:\/\/web.facebook.com\/fadconequipment\",\"https:\/\/x.com\/fadconequipment\",\"https:\/\/www.instagram.com\/fadconequipment\/\",\"https:\/\/linkedin.com\/fadconequipment\/\"]}]}<\/script>\n<!-- \/ Yoast SEO Premium plugin. -->","yoast_head_json":{"title":"Diesel generator GDE30001 | Fadcon Equipment and Car Accessories Limited - Supply and distribution of high quality and affordable tools &amp; Accessories","description":"GDE30001 Diesel generator Rated voltage(V):220-240 Rated frequency(Hz):50 Phase:Single Max.output(kW):3.0 Rated output(kW):2.8 Rated speed(rpm):3000","robots":{"index":"index","follow":"follow","max-snippet":"max-snippet:-1","max-image-preview":"max-image-preview:large","max-video-preview":"max-video-preview:-1"},"canonical":"https:\/\/sylfaadytrading.com\/fr\/produit\/diesel-generator-gde30001\/","og_locale":"fr_FR","og_type":"article","og_title":"Diesel generator GDE30001 | Fadcon Equipment and Car Accessories Limited - Supply and distribution of high quality and affordable tools &amp; Accessories","og_description":"GDE30001 Diesel generator Rated voltage(V):220-240 Rated frequency(Hz):50 Phase:Single Max.output(kW):3.0 Rated output(kW):2.8 Rated speed(rpm):3000","og_url":"https:\/\/sylfaadytrading.com\/fr\/produit\/diesel-generator-gde30001\/","og_site_name":"Fadcon Equipment and Car Accessories Limited - Supply and distribution of high quality and affordable tools &amp; Accessories","article_publisher":"https:\/\/web.facebook.com\/fadconequipment","article_modified_time":"2023-02-03T16:09:21+00:00","og_image":[{"width":1003,"height":1003,"url":"https:\/\/sylfaadytrading.com\/wp-content\/uploads\/2023\/02\/GDE30001-generator-in-accra.jpg","type":"image\/jpeg"}],"twitter_card":"summary_large_image","twitter_site":"@fadconequipment","twitter_misc":{"Dur\u00e9e de lecture estim\u00e9e":"1 minute"},"schema":{"@context":"https:\/\/schema.org","@graph":[{"@type":"WebPage","@id":"https:\/\/sylfaadytrading.com\/product\/diesel-generator-gde30001\/","url":"https:\/\/sylfaadytrading.com\/product\/diesel-generator-gde30001\/","name":"Diesel generator GDE30001 | Fadcon Equipment and Car Accessories Limited - Supply and distribution of high quality and affordable tools &amp; Accessories","isPartOf":{"@id":"https:\/\/sylfaadytrading.com\/#website"},"primaryImageOfPage":{"@id":"https:\/\/sylfaadytrading.com\/product\/diesel-generator-gde30001\/#primaryimage"},"image":{"@id":"https:\/\/sylfaadytrading.com\/product\/diesel-generator-gde30001\/#primaryimage"},"thumbnailUrl":"https:\/\/sylfaadytrading.com\/wp-content\/uploads\/2023\/02\/GDE30001-generator-in-accra.jpg","datePublished":"2023-02-03T16:08:03+00:00","dateModified":"2023-02-03T16:09:21+00:00","description":"GDE30001 Diesel generator Rated voltage(V):220-240 Rated frequency(Hz):50 Phase:Single Max.output(kW):3.0 Rated output(kW):2.8 Rated speed(rpm):3000","breadcrumb":{"@id":"https:\/\/sylfaadytrading.com\/product\/diesel-generator-gde30001\/#breadcrumb"},"inLanguage":"fr-FR","potentialAction":[{"@type":"ReadAction","target":["https:\/\/sylfaadytrading.com\/product\/diesel-generator-gde30001\/"]}]},{"@type":"ImageObject","inLanguage":"fr-FR","@id":"https:\/\/sylfaadytrading.com\/product\/diesel-generator-gde30001\/#primaryimage","url":"https:\/\/sylfaadytrading.com\/wp-content\/uploads\/2023\/02\/GDE30001-generator-in-accra.jpg","contentUrl":"https:\/\/sylfaadytrading.com\/wp-content\/uploads\/2023\/02\/GDE30001-generator-in-accra.jpg","width":1003,"height":1003},{"@type":"BreadcrumbList","@id":"https:\/\/sylfaadytrading.com\/product\/diesel-generator-gde30001\/#breadcrumb","itemListElement":[{"@type":"ListItem","position":1,"name":"Home","item":"https:\/\/sylfaadytrading.com\/"},{"@type":"ListItem","position":2,"name":"Shop","item":"https:\/\/sylfaadytrading.com\/shop\/"},{"@type":"ListItem","position":3,"name":"Diesel generator GDE30001"}]},{"@type":"WebSite","@id":"https:\/\/sylfaadytrading.com\/#website","url":"https:\/\/sylfaadytrading.com\/","name":"Fadcon Equipment and Car Accessories","description":"We are also a major accredited distributor of INGCO Brand power tools and equipment, Bosch &amp; Total Tools","publisher":{"@id":"https:\/\/sylfaadytrading.com\/#organization"},"alternateName":"Fadcon Equipment and Car Accessories Limited - Supply and distribution of high quality and affordable tools & Accessories","potentialAction":[{"@type":"SearchAction","target":{"@type":"EntryPoint","urlTemplate":"https:\/\/sylfaadytrading.com\/?s={search_term_string}"},"query-input":{"@type":"PropertyValueSpecification","valueRequired":true,"valueName":"search_term_string"}}],"inLanguage":"fr-FR"},{"@type":"Organization","@id":"https:\/\/sylfaadytrading.com\/#organization","name":"Fadcon Equipment and Car Accessories","alternateName":"Fadcon Equipment and Car Accessories Limited - Supply and distribution of high quality and affordable tools & Accessories","url":"https:\/\/sylfaadytrading.com\/","logo":{"@type":"ImageObject","inLanguage":"fr-FR","@id":"https:\/\/sylfaadytrading.com\/#\/schema\/logo\/image\/","url":"https:\/\/sylfaadytrading.com\/wp-content\/uploads\/2022\/09\/Logo-WEB-FADCON-EQUIPMENT-CAR-ACCESSORIES-LTD-min.png","contentUrl":"https:\/\/sylfaadytrading.com\/wp-content\/uploads\/2022\/09\/Logo-WEB-FADCON-EQUIPMENT-CAR-ACCESSORIES-LTD-min.png","width":523,"height":292,"caption":"Fadcon Equipment and Car Accessories"},"image":{"@id":"https:\/\/sylfaadytrading.com\/#\/schema\/logo\/image\/"},"sameAs":["https:\/\/web.facebook.com\/fadconequipment","https:\/\/x.com\/fadconequipment","https:\/\/www.instagram.com\/fadconequipment\/","https:\/\/linkedin.com\/fadconequipment\/"]}]}},"_links":{"self":[{"href":"https:\/\/sylfaadytrading.com\/fr\/wp-json\/wp\/v2\/product\/3245","targetHints":{"allow":["GET"]}}],"collection":[{"href":"https:\/\/sylfaadytrading.com\/fr\/wp-json\/wp\/v2\/product"}],"about":[{"href":"https:\/\/sylfaadytrading.com\/fr\/wp-json\/wp\/v2\/types\/product"}],"replies":[{"embeddable":true,"href":"https:\/\/sylfaadytrading.com\/fr\/wp-json\/wp\/v2\/comments?post=3245"}],"wp:featuredmedia":[{"embeddable":true,"href":"https:\/\/sylfaadytrading.com\/fr\/wp-json\/wp\/v2\/media\/3247"}],"wp:attachment":[{"href":"https:\/\/sylfaadytrading.com\/fr\/wp-json\/wp\/v2\/media?parent=3245"}],"wp:term":[{"taxonomy":"product_brand","embeddable":true,"href":"https:\/\/sylfaadytrading.com\/fr\/wp-json\/wp\/v2\/product_brand?post=3245"},{"taxonomy":"product_cat","embeddable":true,"href":"https:\/\/sylfaadytrading.com\/fr\/wp-json\/wp\/v2\/product_cat?post=3245"},{"taxonomy":"product_tag","embeddable":true,"href":"https:\/\/sylfaadytrading.com\/fr\/wp-json\/wp\/v2\/product_tag?post=3245"},{"taxonomy":"our-brands","embeddable":true,"href":"https:\/\/sylfaadytrading.com\/fr\/wp-json\/wp\/v2\/our-brands?post=3245"}],"curies":[{"name":"wp","href":"https:\/\/api.w.org\/{rel}","templated":true}]}}